{"id":443,"date":"2025-09-30T08:02:21","date_gmt":"2025-09-30T08:02:21","guid":{"rendered":"https:\/\/simone.englody.com\/?page_id=443"},"modified":"2025-10-22T08:11:11","modified_gmt":"2025-10-22T08:11:11","slug":"nosaltres","status":"publish","type":"page","link":"https:\/\/verderesiliente.com\/ca\/nosaltres\/","title":{"rendered":"Nosaltres"},"content":{"rendered":"\t\t<div data-elementor-type=\"wp-page\" data-elementor-id=\"443\" class=\"elementor elementor-443 elementor-48\" data-elementor-post-type=\"page\">\n\t\t\t\t<div class=\"elementor-element elementor-element-22cdcbdf animated-slow e-flex e-con-boxed elementor-invisible e-con e-parent\" data-id=\"22cdcbdf\" data-element_type=\"container\" data-settings=\"{&quot;background_background&quot;:&quot;classic&quot;,&quot;animation&quot;:&quot;fadeIn&quot;}\">\n\t\t\t\t\t<div class=\"e-con-inner\">\n\t\t\t\t<div class=\"elementor-element elementor-element-65ebb093 elementor-widget elementor-widget-heading\" data-id=\"65ebb093\" data-element_type=\"widget\" data-widget_type=\"heading.default\">\n\t\t\t\t\t<h2 class=\"elementor-heading-title elementor-size-default\">FILOSOFIA D\u2019EMPRESA<\/h2>\t\t\t\t<\/div>\n\t\t\t\t<div class=\"elementor-element elementor-element-508024d8 elementor-widget elementor-widget-text-editor\" data-id=\"508024d8\" data-element_type=\"widget\" data-widget_type=\"text-editor.default\">\n\t\t\t\t\t\t\t\t\t<p><span style=\"font-weight: 400;\">Som una empresa dedicada a l\u2019arboricultura i el nostre objectiu \u00e9s la gesti\u00f3 de l\u2019arbrat p\u00fablic i privat, amb el m\u00e0xim respecte per aquest \u00e9sser viu. Les actuacions que realitzem sempre s\u00f3n en benefici de l\u2019arbre, tant fisiol\u00f2gicament com mec\u00e0nicament, i del medi ambient. Estem en constant formaci\u00f3 per poder assegurar un servei segur i efica\u00e7.<\/span><\/p><p>\u00a0<\/p><p><strong>El nostre comprom\u00eds \u00e9s trobar un equilibri entre les necessitats del client i la nostra \u00e8tica.<\/strong><\/p>\t\t\t\t\t\t\t\t<\/div>\n\t\t\t\t\t<\/div>\n\t\t\t\t<\/div>\n\t\t<div class=\"elementor-element elementor-element-1dd63a63 e-con-full e-flex e-con e-parent\" data-id=\"1dd63a63\" data-element_type=\"container\" data-settings=\"{&quot;background_background&quot;:&quot;classic&quot;}\">\n\t\t<div class=\"elementor-element elementor-element-3efaf791 e-con-full e-flex elementor-invisible e-con e-child\" data-id=\"3efaf791\" data-element_type=\"container\" data-settings=\"{&quot;animation&quot;:&quot;slideInLeft&quot;,&quot;background_background&quot;:&quot;classic&quot;}\">\n\t\t<div class=\"elementor-element elementor-element-aae0e33 e-con-full e-flex e-con e-child\" data-id=\"aae0e33\" data-element_type=\"container\">\n\t\t\t\t<div class=\"elementor-element elementor-element-22f9f513 elementor-widget elementor-widget-heading\" data-id=\"22f9f513\" data-element_type=\"widget\" data-widget_type=\"heading.default\">\n\t\t\t\t\t<h2 class=\"elementor-heading-title elementor-size-default\">OBJECTIUS<\/h2>\t\t\t\t<\/div>\n\t\t\t\t<div class=\"elementor-element elementor-element-52e71f9 elementor-widget elementor-widget-text-editor\" data-id=\"52e71f9\" data-element_type=\"widget\" data-widget_type=\"text-editor.default\">\n\t\t\t\t\t\t\t\t\t<p><span style=\"font-weight: 400;\">Sensibilitzar i assessorar els nostres clients segons els nostres coneixements t\u00e8cnics.<\/span><\/p><p><span style=\"font-weight: 400;\"><br \/><\/span><span style=\"font-weight: 400;\">Proposar actuacions adequades per maximitzar els beneficis sense que l\u2019arbre perdi valor.<\/span><\/p>\t\t\t\t\t\t\t\t<\/div>\n\t\t\t\t<\/div>\n\t\t\t\t<\/div>\n\t\t<div class=\"elementor-element elementor-element-82fce62 e-con-full e-flex elementor-invisible e-con e-child\" data-id=\"82fce62\" data-element_type=\"container\" data-settings=\"{&quot;animation&quot;:&quot;slideInLeft&quot;,&quot;background_background&quot;:&quot;classic&quot;}\">\n\t\t<div class=\"elementor-element elementor-element-3994150 e-con-full e-flex e-con e-child\" data-id=\"3994150\" data-element_type=\"container\">\n\t\t\t\t<div class=\"elementor-element elementor-element-3eeb570 elementor-widget elementor-widget-heading\" data-id=\"3eeb570\" data-element_type=\"widget\" data-widget_type=\"heading.default\">\n\t\t\t\t\t<h2 class=\"elementor-heading-title elementor-size-default\">METODOLOGIA DE TREBALL<\/h2>\t\t\t\t<\/div>\n\t\t\t\t<div class=\"elementor-element elementor-element-3675906 elementor-widget elementor-widget-text-editor\" data-id=\"3675906\" data-element_type=\"widget\" data-widget_type=\"text-editor.default\">\n\t\t\t\t\t\t\t\t\t<p><span style=\"font-weight: 400;\">Utilitzem t\u00e8cniques d\u2019escalada amb corda o cistelles elevadores, cosa que permet intervenir en altura amb precisi\u00f3, minimitzant l\u2019impacte i assegurant la m\u00e0xima seguretat en cada actuaci\u00f3, i treballar en llocs d\u2019acc\u00e9s dif\u00edcil.<\/span><\/p>\t\t\t\t\t\t\t\t<\/div>\n\t\t\t\t<\/div>\n\t\t\t\t<\/div>\n\t\t\t\t<\/div>\n\t\t<div class=\"elementor-element elementor-element-cbbeaa9 e-flex e-con-boxed e-con e-parent\" data-id=\"cbbeaa9\" data-element_type=\"container\">\n\t\t\t\t\t<div class=\"e-con-inner\">\n\t\t\t\t<div class=\"elementor-element elementor-element-6ce20de elementor-widget elementor-widget-heading\" data-id=\"6ce20de\" data-element_type=\"widget\" data-widget_type=\"heading.default\">\n\t\t\t\t\t<h2 class=\"elementor-heading-title elementor-size-default\">\u00c0REA DE TREBALL\u200b<\/h2>\t\t\t\t<\/div>\n\t\t\t\t<div class=\"elementor-element elementor-element-312b019 elementor-widget elementor-widget-text-editor\" data-id=\"312b019\" data-element_type=\"widget\" data-widget_type=\"text-editor.default\">\n\t\t\t\t\t\t\t\t\t<p>Oferim els nostres serveis en tota la prov\u00edncia de Girona, amb especial pres\u00e8ncia en la zona del\u00a0Empord\u00e0\u00a0i la Garrotxa.<\/p>\t\t\t\t\t\t\t\t<\/div>\n\t\t\t\t<div class=\"elementor-element elementor-element-0933e84 elementor-widget elementor-widget-text-editor\" data-id=\"0933e84\" data-element_type=\"widget\" data-widget_type=\"text-editor.default\">\n\t\t\t\t\t\t\t\t\t<iframe src=\"https:\/\/www.google.com\/maps\/embed?pb=!1m18!1m12!1m3!1d23703.437001295675!2d3.087208074316406!3d42.04468939999999!2m3!1f0!2f0!3f0!3m2!1i1024!2i768!4f13.1!3m3!1m2!1s0x12ba598e8c62df75%3A0xa8edcfd9267289c6!2sVerde%20Resiliente!5e0!3m2!1ses!2ses!4v1761119142378!5m2!1ses!2ses\" width=\"600\" height=\"450\" style=\"border:0;\" allowfullscreen=\"\" loading=\"lazy\" referrerpolicy=\"no-referrer-when-downgrade\"><\/iframe>\t\t\t\t\t\t\t\t<\/div>\n\t\t\t\t\t<\/div>\n\t\t\t\t<\/div>\n\t\t\t\t<\/div>\n\t\t","protected":false},"excerpt":{"rendered":"<p>FILOSOFIA D\u2019EMPRESA Som una empresa dedicada a l\u2019arboricultura i el nostre objectiu \u00e9s la gesti\u00f3 de l\u2019arbrat p\u00fablic i privat, amb el m\u00e0xim respecte per aquest \u00e9sser viu. Les actuacions que realitzem sempre s\u00f3n en benefici de l\u2019arbre, tant fisiol\u00f2gicament com mec\u00e0nicament, i del medi ambient. Estem en constant formaci\u00f3 per poder assegurar un servei [&hellip;]<\/p>\n","protected":false},"author":1,"featured_media":0,"parent":0,"menu_order":0,"comment_status":"closed","ping_status":"closed","template":"","meta":{"_joinchat":[],"footnotes":""},"class_list":["post-443","page","type-page","status-publish","hentry"],"yoast_head":"<!-- This site is optimized with the Yoast SEO plugin v26.1.1 - https:\/\/yoast.com\/wordpress\/plugins\/seo\/ -->\n<title>Nosaltres - Verde Resiliente<\/title>\n<meta name=\"description\" content=\"Verde Resiliente %\" \/>\n<meta name=\"robots\" content=\"index, follow, max-snippet:-1, max-image-preview:large, max-video-preview:-1\" \/>\n<link rel=\"canonical\" href=\"https:\/\/verderesiliente.com\/ca\/nosaltres\/\" \/>\n<meta property=\"og:locale\" content=\"ca_ES\" \/>\n<meta property=\"og:type\" content=\"article\" \/>\n<meta property=\"og:title\" content=\"Nosaltres - Verde Resiliente\" \/>\n<meta property=\"og:description\" content=\"Verde Resiliente %\" \/>\n<meta property=\"og:url\" content=\"https:\/\/verderesiliente.com\/ca\/nosaltres\/\" \/>\n<meta property=\"og:site_name\" content=\"Verde Resiliente\" \/>\n<meta property=\"article:modified_time\" content=\"2025-10-22T08:11:11+00:00\" \/>\n<meta property=\"og:image\" content=\"https:\/\/verderesiliente.com\/wp-content\/uploads\/2025\/09\/cropped-favicon-1.png\" \/>\n\t<meta property=\"og:image:width\" content=\"512\" \/>\n\t<meta property=\"og:image:height\" content=\"512\" \/>\n\t<meta property=\"og:image:type\" content=\"image\/png\" \/>\n<meta name=\"twitter:card\" content=\"summary_large_image\" \/>\n<meta name=\"twitter:label1\" content=\"Temps estimat de lectura\" \/>\n\t<meta name=\"twitter:data1\" content=\"1 minut\" \/>\n<script type=\"application\/ld+json\" class=\"yoast-schema-graph\">{\"@context\":\"https:\/\/schema.org\",\"@graph\":[{\"@type\":\"WebPage\",\"@id\":\"https:\/\/verderesiliente.com\/ca\/nosaltres\/\",\"url\":\"https:\/\/verderesiliente.com\/ca\/nosaltres\/\",\"name\":\"Nosaltres - Verde Resiliente\",\"isPartOf\":{\"@id\":\"https:\/\/verderesiliente.com\/#website\"},\"datePublished\":\"2025-09-30T08:02:21+00:00\",\"dateModified\":\"2025-10-22T08:11:11+00:00\",\"description\":\"Verde Resiliente %\",\"breadcrumb\":{\"@id\":\"https:\/\/verderesiliente.com\/ca\/nosaltres\/#breadcrumb\"},\"inLanguage\":\"ca\",\"potentialAction\":[{\"@type\":\"ReadAction\",\"target\":[\"https:\/\/verderesiliente.com\/ca\/nosaltres\/\"]}]},{\"@type\":\"BreadcrumbList\",\"@id\":\"https:\/\/verderesiliente.com\/ca\/nosaltres\/#breadcrumb\",\"itemListElement\":[{\"@type\":\"ListItem\",\"position\":1,\"name\":\"Portada\",\"item\":\"https:\/\/verderesiliente.com\/ca\/inici\/\"},{\"@type\":\"ListItem\",\"position\":2,\"name\":\"Nosaltres\"}]},{\"@type\":\"WebSite\",\"@id\":\"https:\/\/verderesiliente.com\/#website\",\"url\":\"https:\/\/verderesiliente.com\/\",\"name\":\"Verde Resiliente\",\"description\":\"Serveis d'Arboricultura\",\"publisher\":{\"@id\":\"https:\/\/verderesiliente.com\/#organization\"},\"potentialAction\":[{\"@type\":\"SearchAction\",\"target\":{\"@type\":\"EntryPoint\",\"urlTemplate\":\"https:\/\/verderesiliente.com\/?s={search_term_string}\"},\"query-input\":{\"@type\":\"PropertyValueSpecification\",\"valueRequired\":true,\"valueName\":\"search_term_string\"}}],\"inLanguage\":\"ca\"},{\"@type\":\"Organization\",\"@id\":\"https:\/\/verderesiliente.com\/#organization\",\"name\":\"Verde Resiliente\",\"url\":\"https:\/\/verderesiliente.com\/\",\"logo\":{\"@type\":\"ImageObject\",\"inLanguage\":\"ca\",\"@id\":\"https:\/\/verderesiliente.com\/#\/schema\/logo\/image\/\",\"url\":\"https:\/\/verderesiliente.com\/wp-content\/uploads\/2025\/09\/cropped-Logo.webp\",\"contentUrl\":\"https:\/\/verderesiliente.com\/wp-content\/uploads\/2025\/09\/cropped-Logo.webp\",\"width\":1121,\"height\":448,\"caption\":\"Verde Resiliente\"},\"image\":{\"@id\":\"https:\/\/verderesiliente.com\/#\/schema\/logo\/image\/\"}}]}<\/script>\n<!-- \/ Yoast SEO plugin. -->","yoast_head_json":{"title":"Nosaltres - Verde Resiliente","description":"Verde Resiliente %","robots":{"index":"index","follow":"follow","max-snippet":"max-snippet:-1","max-image-preview":"max-image-preview:large","max-video-preview":"max-video-preview:-1"},"canonical":"https:\/\/verderesiliente.com\/ca\/nosaltres\/","og_locale":"ca_ES","og_type":"article","og_title":"Nosaltres - Verde Resiliente","og_description":"Verde Resiliente %","og_url":"https:\/\/verderesiliente.com\/ca\/nosaltres\/","og_site_name":"Verde Resiliente","article_modified_time":"2025-10-22T08:11:11+00:00","og_image":[{"width":512,"height":512,"url":"https:\/\/verderesiliente.com\/wp-content\/uploads\/2025\/09\/cropped-favicon-1.png","type":"image\/png"}],"twitter_card":"summary_large_image","twitter_misc":{"Temps estimat de lectura":"1 minut"},"schema":{"@context":"https:\/\/schema.org","@graph":[{"@type":"WebPage","@id":"https:\/\/verderesiliente.com\/ca\/nosaltres\/","url":"https:\/\/verderesiliente.com\/ca\/nosaltres\/","name":"Nosaltres - Verde Resiliente","isPartOf":{"@id":"https:\/\/verderesiliente.com\/#website"},"datePublished":"2025-09-30T08:02:21+00:00","dateModified":"2025-10-22T08:11:11+00:00","description":"Verde Resiliente %","breadcrumb":{"@id":"https:\/\/verderesiliente.com\/ca\/nosaltres\/#breadcrumb"},"inLanguage":"ca","potentialAction":[{"@type":"ReadAction","target":["https:\/\/verderesiliente.com\/ca\/nosaltres\/"]}]},{"@type":"BreadcrumbList","@id":"https:\/\/verderesiliente.com\/ca\/nosaltres\/#breadcrumb","itemListElement":[{"@type":"ListItem","position":1,"name":"Portada","item":"https:\/\/verderesiliente.com\/ca\/inici\/"},{"@type":"ListItem","position":2,"name":"Nosaltres"}]},{"@type":"WebSite","@id":"https:\/\/verderesiliente.com\/#website","url":"https:\/\/verderesiliente.com\/","name":"Verde Resiliente","description":"Serveis d'Arboricultura","publisher":{"@id":"https:\/\/verderesiliente.com\/#organization"},"potentialAction":[{"@type":"SearchAction","target":{"@type":"EntryPoint","urlTemplate":"https:\/\/verderesiliente.com\/?s={search_term_string}"},"query-input":{"@type":"PropertyValueSpecification","valueRequired":true,"valueName":"search_term_string"}}],"inLanguage":"ca"},{"@type":"Organization","@id":"https:\/\/verderesiliente.com\/#organization","name":"Verde Resiliente","url":"https:\/\/verderesiliente.com\/","logo":{"@type":"ImageObject","inLanguage":"ca","@id":"https:\/\/verderesiliente.com\/#\/schema\/logo\/image\/","url":"https:\/\/verderesiliente.com\/wp-content\/uploads\/2025\/09\/cropped-Logo.webp","contentUrl":"https:\/\/verderesiliente.com\/wp-content\/uploads\/2025\/09\/cropped-Logo.webp","width":1121,"height":448,"caption":"Verde Resiliente"},"image":{"@id":"https:\/\/verderesiliente.com\/#\/schema\/logo\/image\/"}}]}},"_links":{"self":[{"href":"https:\/\/verderesiliente.com\/ca\/wp-json\/wp\/v2\/pages\/443","targetHints":{"allow":["GET"]}}],"collection":[{"href":"https:\/\/verderesiliente.com\/ca\/wp-json\/wp\/v2\/pages"}],"about":[{"href":"https:\/\/verderesiliente.com\/ca\/wp-json\/wp\/v2\/types\/page"}],"author":[{"embeddable":true,"href":"https:\/\/verderesiliente.com\/ca\/wp-json\/wp\/v2\/users\/1"}],"replies":[{"embeddable":true,"href":"https:\/\/verderesiliente.com\/ca\/wp-json\/wp\/v2\/comments?post=443"}],"version-history":[{"count":14,"href":"https:\/\/verderesiliente.com\/ca\/wp-json\/wp\/v2\/pages\/443\/revisions"}],"predecessor-version":[{"id":875,"href":"https:\/\/verderesiliente.com\/ca\/wp-json\/wp\/v2\/pages\/443\/revisions\/875"}],"wp:attachment":[{"href":"https:\/\/verderesiliente.com\/ca\/wp-json\/wp\/v2\/media?parent=443"}],"curies":[{"name":"wp","href":"https:\/\/api.w.org\/{rel}","templated":true}]}}