{"id":464,"date":"2025-09-30T08:27:05","date_gmt":"2025-09-30T08:27:05","guid":{"rendered":"https:\/\/simone.englody.com\/inici\/"},"modified":"2025-11-04T10:24:01","modified_gmt":"2025-11-04T10:24:01","slug":"inici","status":"publish","type":"page","link":"https:\/\/verderesiliente.com\/ca\/","title":{"rendered":"Inici"},"content":{"rendered":"\t\t<div data-elementor-type=\"wp-page\" data-elementor-id=\"464\" class=\"elementor elementor-464 elementor-7\" data-elementor-post-type=\"page\">\n\t\t\t\t<div class=\"elementor-element elementor-element-d62fd47 e-flex e-con-boxed e-con e-parent\" data-id=\"d62fd47\" data-element_type=\"container\" data-settings=\"{&quot;background_background&quot;:&quot;classic&quot;}\">\n\t\t\t\t\t<div class=\"e-con-inner\">\n\t\t<div class=\"elementor-element elementor-element-afce09a e-con-full e-flex e-con e-child\" data-id=\"afce09a\" data-element_type=\"container\">\n\t\t<div class=\"elementor-element elementor-element-9876b8d e-con-full e-flex e-con e-child\" data-id=\"9876b8d\" data-element_type=\"container\">\n\t\t\t\t<div class=\"elementor-element elementor-element-228a83c animated-slow elementor-invisible elementor-widget elementor-widget-button\" data-id=\"228a83c\" data-element_type=\"widget\" data-settings=\"{&quot;_animation&quot;:&quot;slideInUp&quot;,&quot;_animation_delay&quot;:0}\" data-widget_type=\"button.default\">\n\t\t\t\t\t\t\t\t\t\t<a class=\"elementor-button elementor-button-link elementor-size-sm\" href=\"https:\/\/verderesiliente.com\/ca\/contacte\/\">\n\t\t\t\t\t\t<span class=\"elementor-button-content-wrapper\">\n\t\t\t\t\t\t\t\t\t<span class=\"elementor-button-text\">DEMANA EL TEU PRESSUPOST<\/span>\n\t\t\t\t\t<\/span>\n\t\t\t\t\t<\/a>\n\t\t\t\t\t\t\t\t<\/div>\n\t\t\t\t<div class=\"elementor-element elementor-element-500e8dc elementor-widget-divider--view-line elementor-widget elementor-widget-divider\" data-id=\"500e8dc\" data-element_type=\"widget\" data-widget_type=\"divider.default\">\n\t\t\t\t\t\t\t<div class=\"elementor-divider\">\n\t\t\t<span class=\"elementor-divider-separator\">\n\t\t\t\t\t\t<\/span>\n\t\t<\/div>\n\t\t\t\t\t\t<\/div>\n\t\t\t\t<div class=\"elementor-element elementor-element-62a4d09 elementor-widget elementor-widget-heading\" data-id=\"62a4d09\" data-element_type=\"widget\" data-widget_type=\"heading.default\">\n\t\t\t\t\t<h1 class=\"elementor-heading-title elementor-size-default\">SERVEIS D'ARBORICULTURA A GIRONA<\/h1>\t\t\t\t<\/div>\n\t\t\t\t<div class=\"elementor-element elementor-element-8867fdd elementor-widget elementor-widget-heading\" data-id=\"8867fdd\" data-element_type=\"widget\" data-widget_type=\"heading.default\">\n\t\t\t\t\t<h2 class=\"elementor-heading-title elementor-size-default\">VERDE RESILIENTE<\/h2>\t\t\t\t<\/div>\n\t\t\t\t<\/div>\n\t\t\t\t<\/div>\n\t\t\t\t\t<\/div>\n\t\t\t\t<\/div>\n\t\t<div class=\"elementor-element elementor-element-9a092a4 e-flex e-con-boxed e-con e-parent\" data-id=\"9a092a4\" data-element_type=\"container\">\n\t\t\t\t\t<div class=\"e-con-inner\">\n\t\t<div class=\"elementor-element elementor-element-9df156f e-con-full e-flex e-con e-child\" data-id=\"9df156f\" data-element_type=\"container\" data-settings=\"{&quot;background_background&quot;:&quot;classic&quot;}\">\n\t\t\t\t<div class=\"elementor-element elementor-element-7d60921 elementor-widget elementor-widget-heading\" data-id=\"7d60921\" data-element_type=\"widget\" data-widget_type=\"heading.default\">\n\t\t\t\t\t<h2 class=\"elementor-heading-title elementor-size-default\">ELS NOSTRES SERVEIS<\/h2>\t\t\t\t<\/div>\n\t\t\t\t<\/div>\n\t\t<div class=\"elementor-element elementor-element-7d31971 e-con-full e-flex e-con e-child\" data-id=\"7d31971\" data-element_type=\"container\">\n\t\t<div class=\"elementor-element elementor-element-b0fd4e8 e-con-full animated-slow e-flex elementor-invisible e-con e-child\" data-id=\"b0fd4e8\" data-element_type=\"container\" data-settings=\"{&quot;background_background&quot;:&quot;classic&quot;,&quot;animation&quot;:&quot;slideInUp&quot;,&quot;animation_delay&quot;:400}\">\n\t\t\t\t<div class=\"elementor-element elementor-element-b42e8a9 elementor-widget elementor-widget-image\" data-id=\"b42e8a9\" data-element_type=\"widget\" data-widget_type=\"image.default\">\n\t\t\t\t\t\t\t\t\t\t\t\t\t\t\t<img fetchpriority=\"high\" decoding=\"async\" width=\"800\" height=\"606\" src=\"https:\/\/verderesiliente.com\/wp-content\/uploads\/2025\/09\/Tala-y-poda-1-1024x776.jpg\" class=\"attachment-large size-large wp-image-486\" alt=\"\" srcset=\"https:\/\/verderesiliente.com\/wp-content\/uploads\/2025\/09\/Tala-y-poda-1-1024x776.jpg 1024w, https:\/\/verderesiliente.com\/wp-content\/uploads\/2025\/09\/Tala-y-poda-1-300x227.jpg 300w, https:\/\/verderesiliente.com\/wp-content\/uploads\/2025\/09\/Tala-y-poda-1-768x582.jpg 768w, https:\/\/verderesiliente.com\/wp-content\/uploads\/2025\/09\/Tala-y-poda-1.jpg 1204w\" sizes=\"(max-width: 800px) 100vw, 800px\" \/>\t\t\t\t\t\t\t\t\t\t\t\t\t\t\t<\/div>\n\t\t\t\t<div class=\"elementor-element elementor-element-8e1a64d elementor-widget elementor-widget-heading\" data-id=\"8e1a64d\" data-element_type=\"widget\" data-widget_type=\"heading.default\">\n\t\t\t\t\t<h3 class=\"elementor-heading-title elementor-size-default\">Tala i poda<\/h3>\t\t\t\t<\/div>\n\t\t\t\t<div class=\"elementor-element elementor-element-48e043b elementor-widget elementor-widget-text-editor\" data-id=\"48e043b\" data-element_type=\"widget\" data-widget_type=\"text-editor.default\">\n\t\t\t\t\t\t\t\t\t<p style=\"text-align: center;\">Realitzem podes i tales segures i responsables.<\/p>\t\t\t\t\t\t\t\t<\/div>\n\t\t\t\t<\/div>\n\t\t<div class=\"elementor-element elementor-element-7725e57 e-con-full animated-slow e-flex elementor-invisible e-con e-child\" data-id=\"7725e57\" data-element_type=\"container\" data-settings=\"{&quot;background_background&quot;:&quot;classic&quot;,&quot;animation&quot;:&quot;slideInUp&quot;,&quot;animation_delay&quot;:600}\">\n\t\t\t\t<div class=\"elementor-element elementor-element-9ad9f47 elementor-widget elementor-widget-image\" data-id=\"9ad9f47\" data-element_type=\"widget\" data-widget_type=\"image.default\">\n\t\t\t\t\t\t\t\t\t\t\t\t\t\t\t<img decoding=\"async\" src=\"https:\/\/verderesiliente.com\/wp-content\/uploads\/elementor\/thumbs\/Plantacion-scaled-rcws697ci10vd00xjqzxskcothmmibwuckr03iowio.webp\" title=\"Plantacion\" alt=\"Plantacion\" loading=\"lazy\" \/>\t\t\t\t\t\t\t\t\t\t\t\t\t\t\t<\/div>\n\t\t\t\t<div class=\"elementor-element elementor-element-2a4b0a2 elementor-widget elementor-widget-heading\" data-id=\"2a4b0a2\" data-element_type=\"widget\" data-widget_type=\"heading.default\">\n\t\t\t\t\t<h3 class=\"elementor-heading-title elementor-size-default\">Plantaci\u00f3<\/h3>\t\t\t\t<\/div>\n\t\t\t\t<div class=\"elementor-element elementor-element-1009a93 elementor-widget elementor-widget-text-editor\" data-id=\"1009a93\" data-element_type=\"widget\" data-widget_type=\"text-editor.default\">\n\t\t\t\t\t\t\t\t\t<p style=\"text-align: center;\">Garantim plantacions sanes i duradores amb t\u00e8cniques professionals.<\/p>\t\t\t\t\t\t\t\t<\/div>\n\t\t\t\t<\/div>\n\t\t<div class=\"elementor-element elementor-element-ac3230d e-con-full animated-slow e-flex elementor-invisible e-con e-child\" data-id=\"ac3230d\" data-element_type=\"container\" data-settings=\"{&quot;background_background&quot;:&quot;classic&quot;,&quot;animation&quot;:&quot;slideInUp&quot;,&quot;animation_delay&quot;:800}\">\n\t\t\t\t<div class=\"elementor-element elementor-element-11a64d9 elementor-widget elementor-widget-image\" data-id=\"11a64d9\" data-element_type=\"widget\" data-widget_type=\"image.default\">\n\t\t\t\t\t\t\t\t\t\t\t\t\t\t\t<img decoding=\"async\" width=\"768\" height=\"582\" src=\"https:\/\/verderesiliente.com\/wp-content\/uploads\/2025\/09\/Mesa-de-trabajo-5-768x582.jpg\" class=\"attachment-medium_large size-medium_large wp-image-484\" alt=\"\" srcset=\"https:\/\/verderesiliente.com\/wp-content\/uploads\/2025\/09\/Mesa-de-trabajo-5-768x582.jpg 768w, https:\/\/verderesiliente.com\/wp-content\/uploads\/2025\/09\/Mesa-de-trabajo-5-300x227.jpg 300w, https:\/\/verderesiliente.com\/wp-content\/uploads\/2025\/09\/Mesa-de-trabajo-5-1024x776.jpg 1024w, https:\/\/verderesiliente.com\/wp-content\/uploads\/2025\/09\/Mesa-de-trabajo-5.jpg 1204w\" sizes=\"(max-width: 768px) 100vw, 768px\" \/>\t\t\t\t\t\t\t\t\t\t\t\t\t\t\t<\/div>\n\t\t\t\t<div class=\"elementor-element elementor-element-00b7cf0 elementor-widget elementor-widget-heading\" data-id=\"00b7cf0\" data-element_type=\"widget\" data-widget_type=\"heading.default\">\n\t\t\t\t\t<h3 class=\"elementor-heading-title elementor-size-default\">Desbrossament vertical<\/h3>\t\t\t\t<\/div>\n\t\t\t\t<div class=\"elementor-element elementor-element-a24e395 elementor-widget elementor-widget-text-editor\" data-id=\"a24e395\" data-element_type=\"widget\" data-widget_type=\"text-editor.default\">\n\t\t\t\t\t\t\t\t\t<p style=\"text-align: center;\">Eliminem vegetaci\u00f3 en talussos i murs de dif\u00edcil acc\u00e9s.<\/p>\t\t\t\t\t\t\t\t<\/div>\n\t\t\t\t<\/div>\n\t\t<div class=\"elementor-element elementor-element-f5d49c5 e-con-full animated-slow e-flex elementor-invisible e-con e-child\" data-id=\"f5d49c5\" data-element_type=\"container\" data-settings=\"{&quot;background_background&quot;:&quot;classic&quot;,&quot;animation&quot;:&quot;slideInUp&quot;,&quot;animation_delay&quot;:1000}\">\n\t\t\t\t<div class=\"elementor-element elementor-element-56de306 elementor-widget elementor-widget-image\" data-id=\"56de306\" data-element_type=\"widget\" data-widget_type=\"image.default\">\n\t\t\t\t\t\t\t\t\t\t\t\t\t\t\t<img decoding=\"async\" width=\"768\" height=\"582\" src=\"https:\/\/verderesiliente.com\/wp-content\/uploads\/2025\/09\/Mejoras-de-suelo-1-768x582.jpg\" class=\"attachment-medium_large size-medium_large wp-image-483\" alt=\"\" srcset=\"https:\/\/verderesiliente.com\/wp-content\/uploads\/2025\/09\/Mejoras-de-suelo-1-768x582.jpg 768w, https:\/\/verderesiliente.com\/wp-content\/uploads\/2025\/09\/Mejoras-de-suelo-1-300x227.jpg 300w, https:\/\/verderesiliente.com\/wp-content\/uploads\/2025\/09\/Mejoras-de-suelo-1-1024x776.jpg 1024w, https:\/\/verderesiliente.com\/wp-content\/uploads\/2025\/09\/Mejoras-de-suelo-1.jpg 1204w\" sizes=\"(max-width: 768px) 100vw, 768px\" \/>\t\t\t\t\t\t\t\t\t\t\t\t\t\t\t<\/div>\n\t\t\t\t<div class=\"elementor-element elementor-element-0aaf6d4 elementor-widget elementor-widget-heading\" data-id=\"0aaf6d4\" data-element_type=\"widget\" data-widget_type=\"heading.default\">\n\t\t\t\t\t<h3 class=\"elementor-heading-title elementor-size-default\">Millores del s\u00f2l<\/h3>\t\t\t\t<\/div>\n\t\t\t\t<div class=\"elementor-element elementor-element-f8a1dc8 elementor-widget elementor-widget-text-editor\" data-id=\"f8a1dc8\" data-element_type=\"widget\" data-widget_type=\"text-editor.default\">\n\t\t\t\t\t\t\t\t\t<p style=\"text-align: center;\">Optimitzem el s\u00f2l per a afavorir el creixement radicular.<\/p>\t\t\t\t\t\t\t\t<\/div>\n\t\t\t\t<\/div>\n\t\t\t\t<\/div>\n\t\t<div class=\"elementor-element elementor-element-c40508a e-con-full e-flex e-con e-child\" data-id=\"c40508a\" data-element_type=\"container\">\n\t\t\t\t<div class=\"elementor-element elementor-element-22f6555 elementor-align-center elementor-widget elementor-widget-button\" data-id=\"22f6555\" data-element_type=\"widget\" data-widget_type=\"button.default\">\n\t\t\t\t\t\t\t\t\t\t<a class=\"elementor-button elementor-button-link elementor-size-sm\" href=\"https:\/\/verderesiliente.com\/ca\/serveis\/\">\n\t\t\t\t\t\t<span class=\"elementor-button-content-wrapper\">\n\t\t\t\t\t\t\t\t\t<span class=\"elementor-button-text\">TOTS ELS SERVEIS<\/span>\n\t\t\t\t\t<\/span>\n\t\t\t\t\t<\/a>\n\t\t\t\t\t\t\t\t<\/div>\n\t\t\t\t<\/div>\n\t\t\t\t\t<\/div>\n\t\t\t\t<\/div>\n\t\t<div class=\"elementor-element elementor-element-0670dbe e-con-full e-flex e-con e-parent\" data-id=\"0670dbe\" data-element_type=\"container\">\n\t\t<div class=\"elementor-element elementor-element-8e7a108 e-con-full e-flex elementor-invisible e-con e-child\" data-id=\"8e7a108\" data-element_type=\"container\" data-settings=\"{&quot;animation&quot;:&quot;slideInLeft&quot;}\">\n\t\t\t\t<\/div>\n\t\t<div class=\"elementor-element elementor-element-fe7954e e-con-full e-flex e-con e-child\" data-id=\"fe7954e\" data-element_type=\"container\">\n\t\t<div class=\"elementor-element elementor-element-3f6485f e-con-full e-flex elementor-invisible e-con e-child\" data-id=\"3f6485f\" data-element_type=\"container\" data-settings=\"{&quot;animation&quot;:&quot;slideInRight&quot;}\">\n\t\t\t\t<div class=\"elementor-element elementor-element-357650f elementor-widget elementor-widget-heading\" data-id=\"357650f\" data-element_type=\"widget\" data-widget_type=\"heading.default\">\n\t\t\t\t\t<h2 class=\"elementor-heading-title elementor-size-default\">SOBRE NOSALTRES<\/h2>\t\t\t\t<\/div>\n\t\t\t\t<div class=\"elementor-element elementor-element-fefdb90 elementor-widget elementor-widget-text-editor\" data-id=\"fefdb90\" data-element_type=\"widget\" data-widget_type=\"text-editor.default\">\n\t\t\t\t\t\t\t\t\t<p>Som una empresa especialitzada en arboricultura dedicada a la gesti\u00f3 de l&#8217;arbratge p\u00fablic i privat, prioritzant sempre la salut de l&#8217;arbre i el respecte al medi ambient. <\/p>\t\t\t\t\t\t\t\t<\/div>\n\t\t\t\t<div class=\"elementor-element elementor-element-6428599 elementor-align-left elementor-widget elementor-widget-button\" data-id=\"6428599\" data-element_type=\"widget\" data-widget_type=\"button.default\">\n\t\t\t\t\t\t\t\t\t\t<a class=\"elementor-button elementor-button-link elementor-size-sm\" href=\"https:\/\/verderesiliente.com\/ca\/nosaltres\/\">\n\t\t\t\t\t\t<span class=\"elementor-button-content-wrapper\">\n\t\t\t\t\t\t\t\t\t<span class=\"elementor-button-text\">CONEIX-NOS<\/span>\n\t\t\t\t\t<\/span>\n\t\t\t\t\t<\/a>\n\t\t\t\t\t\t\t\t<\/div>\n\t\t\t\t<\/div>\n\t\t\t\t<\/div>\n\t\t\t\t<\/div>\n\t\t\t\t<\/div>\n\t\t","protected":false},"excerpt":{"rendered":"<p>DEMANA EL TEU PRESSUPOST SERVEIS D&#8217;ARBORICULTURA A GIRONA VERDE RESILIENTE ELS NOSTRES SERVEIS Tala i poda Realitzem podes i tales segures i responsables. Plantaci\u00f3 Garantim plantacions sanes i duradores amb t\u00e8cniques professionals. Desbrossament vertical Eliminem vegetaci\u00f3 en talussos i murs de dif\u00edcil acc\u00e9s. Millores del s\u00f2l Optimitzem el s\u00f2l per a afavorir el creixement radicular. [&hellip;]<\/p>\n","protected":false},"author":1,"featured_media":0,"parent":0,"menu_order":0,"comment_status":"closed","ping_status":"closed","template":"","meta":{"_joinchat":[],"footnotes":""},"class_list":["post-464","page","type-page","status-publish","hentry"],"yoast_head":"<!-- This site is optimized with the Yoast SEO plugin v26.1.1 - https:\/\/yoast.com\/wordpress\/plugins\/seo\/ -->\n<title>Verde Resiliente - SERVEIS D&#039;ARBORICULTURA A GIRONA<\/title>\n<meta name=\"description\" content=\"Verd Resilient ofereix serveis professionals d&#039;arboricultura a Girona: poda, tala i cura segura d&#039;arbres. Sol\u00b7licita el teu pressupost gratu\u00eft avui.\" \/>\n<meta name=\"robots\" content=\"index, follow, max-snippet:-1, max-image-preview:large, max-video-preview:-1\" \/>\n<link rel=\"canonical\" href=\"https:\/\/verderesiliente.com\/ca\/inici\/\" \/>\n<meta property=\"og:locale\" content=\"ca_ES\" \/>\n<meta property=\"og:type\" content=\"article\" \/>\n<meta property=\"og:title\" content=\"Verde Resiliente - SERVEIS D&#039;ARBORICULTURA A GIRONA\" \/>\n<meta property=\"og:description\" content=\"Verd Resilient ofereix serveis professionals d&#039;arboricultura a Girona: poda, tala i cura segura d&#039;arbres. Sol\u00b7licita el teu pressupost gratu\u00eft avui.\" \/>\n<meta property=\"og:url\" content=\"https:\/\/verderesiliente.com\/ca\/inici\/\" \/>\n<meta property=\"og:site_name\" content=\"Verde Resiliente\" \/>\n<meta property=\"article:modified_time\" content=\"2025-11-04T10:24:01+00:00\" \/>\n<meta property=\"og:image\" content=\"https:\/\/verderesiliente.com\/wp-content\/uploads\/2025\/09\/Tala-y-poda-1.jpg\" \/>\n\t<meta property=\"og:image:width\" content=\"1204\" \/>\n\t<meta property=\"og:image:height\" content=\"912\" \/>\n\t<meta property=\"og:image:type\" content=\"image\/jpeg\" \/>\n<meta name=\"twitter:card\" content=\"summary_large_image\" \/>\n<script type=\"application\/ld+json\" class=\"yoast-schema-graph\">{\"@context\":\"https:\/\/schema.org\",\"@graph\":[{\"@type\":\"WebPage\",\"@id\":\"https:\/\/verderesiliente.com\/ca\/inici\/\",\"url\":\"https:\/\/verderesiliente.com\/ca\/inici\/\",\"name\":\"Verde Resiliente - SERVEIS D'ARBORICULTURA A GIRONA\",\"isPartOf\":{\"@id\":\"https:\/\/verderesiliente.com\/#website\"},\"primaryImageOfPage\":{\"@id\":\"https:\/\/verderesiliente.com\/ca\/inici\/#primaryimage\"},\"image\":{\"@id\":\"https:\/\/verderesiliente.com\/ca\/inici\/#primaryimage\"},\"thumbnailUrl\":\"https:\/\/verderesiliente.com\/wp-content\/uploads\/2025\/09\/Tala-y-poda-1-1024x776.jpg\",\"datePublished\":\"2025-09-30T08:27:05+00:00\",\"dateModified\":\"2025-11-04T10:24:01+00:00\",\"description\":\"Verd Resilient ofereix serveis professionals d'arboricultura a Girona: poda, tala i cura segura d'arbres. Sol\u00b7licita el teu pressupost gratu\u00eft avui.\",\"breadcrumb\":{\"@id\":\"https:\/\/verderesiliente.com\/ca\/inici\/#breadcrumb\"},\"inLanguage\":\"ca\",\"potentialAction\":[{\"@type\":\"ReadAction\",\"target\":[\"https:\/\/verderesiliente.com\/ca\/inici\/\"]}]},{\"@type\":\"ImageObject\",\"inLanguage\":\"ca\",\"@id\":\"https:\/\/verderesiliente.com\/ca\/inici\/#primaryimage\",\"url\":\"https:\/\/verderesiliente.com\/wp-content\/uploads\/2025\/09\/Tala-y-poda-1-1024x776.jpg\",\"contentUrl\":\"https:\/\/verderesiliente.com\/wp-content\/uploads\/2025\/09\/Tala-y-poda-1-1024x776.jpg\"},{\"@type\":\"BreadcrumbList\",\"@id\":\"https:\/\/verderesiliente.com\/ca\/inici\/#breadcrumb\",\"itemListElement\":[{\"@type\":\"ListItem\",\"position\":1,\"name\":\"Portada\",\"item\":\"https:\/\/verderesiliente.com\/ca\/inici\/\"},{\"@type\":\"ListItem\",\"position\":2,\"name\":\"Inici\"}]},{\"@type\":\"WebSite\",\"@id\":\"https:\/\/verderesiliente.com\/#website\",\"url\":\"https:\/\/verderesiliente.com\/\",\"name\":\"Verde Resiliente\",\"description\":\"Serveis d'Arboricultura\",\"publisher\":{\"@id\":\"https:\/\/verderesiliente.com\/#organization\"},\"potentialAction\":[{\"@type\":\"SearchAction\",\"target\":{\"@type\":\"EntryPoint\",\"urlTemplate\":\"https:\/\/verderesiliente.com\/?s={search_term_string}\"},\"query-input\":{\"@type\":\"PropertyValueSpecification\",\"valueRequired\":true,\"valueName\":\"search_term_string\"}}],\"inLanguage\":\"ca\"},{\"@type\":\"Organization\",\"@id\":\"https:\/\/verderesiliente.com\/#organization\",\"name\":\"Verde Resiliente\",\"url\":\"https:\/\/verderesiliente.com\/\",\"logo\":{\"@type\":\"ImageObject\",\"inLanguage\":\"ca\",\"@id\":\"https:\/\/verderesiliente.com\/#\/schema\/logo\/image\/\",\"url\":\"https:\/\/verderesiliente.com\/wp-content\/uploads\/2025\/09\/cropped-Logo.webp\",\"contentUrl\":\"https:\/\/verderesiliente.com\/wp-content\/uploads\/2025\/09\/cropped-Logo.webp\",\"width\":1121,\"height\":448,\"caption\":\"Verde Resiliente\"},\"image\":{\"@id\":\"https:\/\/verderesiliente.com\/#\/schema\/logo\/image\/\"}}]}<\/script>\n<!-- \/ Yoast SEO plugin. -->","yoast_head_json":{"title":"Verde Resiliente - SERVEIS D'ARBORICULTURA A GIRONA","description":"Verd Resilient ofereix serveis professionals d'arboricultura a Girona: poda, tala i cura segura d'arbres. Sol\u00b7licita el teu pressupost gratu\u00eft avui.","robots":{"index":"index","follow":"follow","max-snippet":"max-snippet:-1","max-image-preview":"max-image-preview:large","max-video-preview":"max-video-preview:-1"},"canonical":"https:\/\/verderesiliente.com\/ca\/inici\/","og_locale":"ca_ES","og_type":"article","og_title":"Verde Resiliente - SERVEIS D'ARBORICULTURA A GIRONA","og_description":"Verd Resilient ofereix serveis professionals d'arboricultura a Girona: poda, tala i cura segura d'arbres. Sol\u00b7licita el teu pressupost gratu\u00eft avui.","og_url":"https:\/\/verderesiliente.com\/ca\/inici\/","og_site_name":"Verde Resiliente","article_modified_time":"2025-11-04T10:24:01+00:00","og_image":[{"width":1204,"height":912,"url":"https:\/\/verderesiliente.com\/wp-content\/uploads\/2025\/09\/Tala-y-poda-1.jpg","type":"image\/jpeg"}],"twitter_card":"summary_large_image","schema":{"@context":"https:\/\/schema.org","@graph":[{"@type":"WebPage","@id":"https:\/\/verderesiliente.com\/ca\/inici\/","url":"https:\/\/verderesiliente.com\/ca\/inici\/","name":"Verde Resiliente - SERVEIS D'ARBORICULTURA A GIRONA","isPartOf":{"@id":"https:\/\/verderesiliente.com\/#website"},"primaryImageOfPage":{"@id":"https:\/\/verderesiliente.com\/ca\/inici\/#primaryimage"},"image":{"@id":"https:\/\/verderesiliente.com\/ca\/inici\/#primaryimage"},"thumbnailUrl":"https:\/\/verderesiliente.com\/wp-content\/uploads\/2025\/09\/Tala-y-poda-1-1024x776.jpg","datePublished":"2025-09-30T08:27:05+00:00","dateModified":"2025-11-04T10:24:01+00:00","description":"Verd Resilient ofereix serveis professionals d'arboricultura a Girona: poda, tala i cura segura d'arbres. Sol\u00b7licita el teu pressupost gratu\u00eft avui.","breadcrumb":{"@id":"https:\/\/verderesiliente.com\/ca\/inici\/#breadcrumb"},"inLanguage":"ca","potentialAction":[{"@type":"ReadAction","target":["https:\/\/verderesiliente.com\/ca\/inici\/"]}]},{"@type":"ImageObject","inLanguage":"ca","@id":"https:\/\/verderesiliente.com\/ca\/inici\/#primaryimage","url":"https:\/\/verderesiliente.com\/wp-content\/uploads\/2025\/09\/Tala-y-poda-1-1024x776.jpg","contentUrl":"https:\/\/verderesiliente.com\/wp-content\/uploads\/2025\/09\/Tala-y-poda-1-1024x776.jpg"},{"@type":"BreadcrumbList","@id":"https:\/\/verderesiliente.com\/ca\/inici\/#breadcrumb","itemListElement":[{"@type":"ListItem","position":1,"name":"Portada","item":"https:\/\/verderesiliente.com\/ca\/inici\/"},{"@type":"ListItem","position":2,"name":"Inici"}]},{"@type":"WebSite","@id":"https:\/\/verderesiliente.com\/#website","url":"https:\/\/verderesiliente.com\/","name":"Verde Resiliente","description":"Serveis d'Arboricultura","publisher":{"@id":"https:\/\/verderesiliente.com\/#organization"},"potentialAction":[{"@type":"SearchAction","target":{"@type":"EntryPoint","urlTemplate":"https:\/\/verderesiliente.com\/?s={search_term_string}"},"query-input":{"@type":"PropertyValueSpecification","valueRequired":true,"valueName":"search_term_string"}}],"inLanguage":"ca"},{"@type":"Organization","@id":"https:\/\/verderesiliente.com\/#organization","name":"Verde Resiliente","url":"https:\/\/verderesiliente.com\/","logo":{"@type":"ImageObject","inLanguage":"ca","@id":"https:\/\/verderesiliente.com\/#\/schema\/logo\/image\/","url":"https:\/\/verderesiliente.com\/wp-content\/uploads\/2025\/09\/cropped-Logo.webp","contentUrl":"https:\/\/verderesiliente.com\/wp-content\/uploads\/2025\/09\/cropped-Logo.webp","width":1121,"height":448,"caption":"Verde Resiliente"},"image":{"@id":"https:\/\/verderesiliente.com\/#\/schema\/logo\/image\/"}}]}},"_links":{"self":[{"href":"https:\/\/verderesiliente.com\/ca\/wp-json\/wp\/v2\/pages\/464","targetHints":{"allow":["GET"]}}],"collection":[{"href":"https:\/\/verderesiliente.com\/ca\/wp-json\/wp\/v2\/pages"}],"about":[{"href":"https:\/\/verderesiliente.com\/ca\/wp-json\/wp\/v2\/types\/page"}],"author":[{"embeddable":true,"href":"https:\/\/verderesiliente.com\/ca\/wp-json\/wp\/v2\/users\/1"}],"replies":[{"embeddable":true,"href":"https:\/\/verderesiliente.com\/ca\/wp-json\/wp\/v2\/comments?post=464"}],"version-history":[{"count":7,"href":"https:\/\/verderesiliente.com\/ca\/wp-json\/wp\/v2\/pages\/464\/revisions"}],"predecessor-version":[{"id":878,"href":"https:\/\/verderesiliente.com\/ca\/wp-json\/wp\/v2\/pages\/464\/revisions\/878"}],"wp:attachment":[{"href":"https:\/\/verderesiliente.com\/ca\/wp-json\/wp\/v2\/media?parent=464"}],"curies":[{"name":"wp","href":"https:\/\/api.w.org\/{rel}","templated":true}]}}