{"id":489,"date":"2025-09-30T08:37:32","date_gmt":"2025-09-30T08:37:32","guid":{"rendered":"https:\/\/simone.englody.com\/serveis\/"},"modified":"2025-10-08T15:14:25","modified_gmt":"2025-10-08T15:14:25","slug":"serveis","status":"publish","type":"page","link":"https:\/\/verderesiliente.com\/ca\/serveis\/","title":{"rendered":"Serveis"},"content":{"rendered":"\t\t<div data-elementor-type=\"wp-page\" data-elementor-id=\"489\" class=\"elementor elementor-489 elementor-176\" data-elementor-post-type=\"page\">\n\t\t\t\t<div class=\"elementor-element elementor-element-e03976f e-con-full e-flex e-con e-parent\" data-id=\"e03976f\" data-element_type=\"container\">\n\t\t<div class=\"elementor-element elementor-element-2d549d44 e-con-full e-flex elementor-invisible e-con e-child\" data-id=\"2d549d44\" data-element_type=\"container\" data-settings=\"{&quot;animation&quot;:&quot;slideInLeft&quot;}\">\n\t\t\t\t<\/div>\n\t\t<div class=\"elementor-element elementor-element-3d669bc4 e-con-full e-flex elementor-invisible e-con e-child\" data-id=\"3d669bc4\" data-element_type=\"container\" data-settings=\"{&quot;background_background&quot;:&quot;classic&quot;,&quot;animation&quot;:&quot;slideInRight&quot;}\">\n\t\t<div class=\"elementor-element elementor-element-36395c1a e-con-full e-flex e-con e-child\" data-id=\"36395c1a\" data-element_type=\"container\" data-settings=\"{&quot;animation&quot;:&quot;none&quot;}\">\n\t\t\t\t<div class=\"elementor-element elementor-element-7123cd9d elementor-widget elementor-widget-heading\" data-id=\"7123cd9d\" data-element_type=\"widget\" data-widget_type=\"heading.default\">\n\t\t\t\t\t<h2 class=\"elementor-heading-title elementor-size-default\">Avaluaci\u00f3 de l\u2019arbrat<\/h2>\t\t\t\t<\/div>\n\t\t\t\t<div class=\"elementor-element elementor-element-53564d8b elementor-widget elementor-widget-text-editor\" data-id=\"53564d8b\" data-element_type=\"widget\" data-widget_type=\"text-editor.default\">\n\t\t\t\t\t\t\t\t\t<p><span style=\"font-weight: 400;\">L\u2019avaluaci\u00f3 de l\u2019arbrat \u00e9s el proc\u00e9s d\u2019analitzar l\u2019estat, el valor i les necessitats d\u2019un arbre, considerant aspectes com la seva salut, estabilitat, seguretat, funci\u00f3 ambiental i valor econ\u00f2mic o social.<\/span><\/p>\t\t\t\t\t\t\t\t<\/div>\n\t\t\t\t<\/div>\n\t\t\t\t<\/div>\n\t\t\t\t<\/div>\n\t\t<div class=\"elementor-element elementor-element-1523638 e-con-full e-flex e-con e-parent\" data-id=\"1523638\" data-element_type=\"container\">\n\t\t<div class=\"elementor-element elementor-element-4c7214d e-con-full e-flex elementor-invisible e-con e-child\" data-id=\"4c7214d\" data-element_type=\"container\" data-settings=\"{&quot;background_background&quot;:&quot;classic&quot;,&quot;animation&quot;:&quot;slideInRight&quot;}\">\n\t\t<div class=\"elementor-element elementor-element-cff1bd2 e-con-full e-flex e-con e-child\" data-id=\"cff1bd2\" data-element_type=\"container\" data-settings=\"{&quot;animation&quot;:&quot;none&quot;}\">\n\t\t\t\t<div class=\"elementor-element elementor-element-389bb37 elementor-widget elementor-widget-heading\" data-id=\"389bb37\" data-element_type=\"widget\" data-widget_type=\"heading.default\">\n\t\t\t\t\t<h2 class=\"elementor-heading-title elementor-size-default\">Millores del s\u00f2l<\/h2>\t\t\t\t<\/div>\n\t\t\t\t<div class=\"elementor-element elementor-element-e0d1862 elementor-widget elementor-widget-text-editor\" data-id=\"e0d1862\" data-element_type=\"widget\" data-widget_type=\"text-editor.default\">\n\t\t\t\t\t\t\t\t\t<span style=\"font-weight: 400;\">En arboricultura, la millora del s\u00f2l consisteix a aplicar t\u00e8cniques que optimitzen l\u2019estructura, fertilitat i capacitat de retenci\u00f3 d\u2019aigua i aire del s\u00f2l on creixen els arbres.<br><br><\/span>\n<p><span style=\"font-weight: 400;\">L\u2019objectiu \u00e9s afavorir el desenvolupament radicular, creant un s\u00f2l m\u00e9s viu i equilibrat perqu\u00e8 l\u2019arbre pugui cr\u00e9ixer sa i estable.<\/span><\/p>\t\t\t\t\t\t\t\t<\/div>\n\t\t\t\t<\/div>\n\t\t\t\t<\/div>\n\t\t<div class=\"elementor-element elementor-element-ceb3902 e-con-full e-flex elementor-invisible e-con e-child\" data-id=\"ceb3902\" data-element_type=\"container\" data-settings=\"{&quot;animation&quot;:&quot;slideInLeft&quot;}\">\n\t\t\t\t<\/div>\n\t\t\t\t<\/div>\n\t\t<div class=\"elementor-element elementor-element-651822a e-con-full e-flex e-con e-parent\" data-id=\"651822a\" data-element_type=\"container\">\n\t\t<div class=\"elementor-element elementor-element-b8c0b49 e-con-full e-flex elementor-invisible e-con e-child\" data-id=\"b8c0b49\" data-element_type=\"container\" data-settings=\"{&quot;animation&quot;:&quot;slideInLeft&quot;}\">\n\t\t\t\t<\/div>\n\t\t<div class=\"elementor-element elementor-element-b79880d e-con-full e-flex elementor-invisible e-con e-child\" data-id=\"b79880d\" data-element_type=\"container\" data-settings=\"{&quot;background_background&quot;:&quot;classic&quot;,&quot;animation&quot;:&quot;slideInRight&quot;}\">\n\t\t<div class=\"elementor-element elementor-element-08549c0 e-con-full e-flex e-con e-child\" data-id=\"08549c0\" data-element_type=\"container\" data-settings=\"{&quot;animation&quot;:&quot;none&quot;}\">\n\t\t\t\t<div class=\"elementor-element elementor-element-c14b88f elementor-widget elementor-widget-heading\" data-id=\"c14b88f\" data-element_type=\"widget\" data-widget_type=\"heading.default\">\n\t\t\t\t\t<h2 class=\"elementor-heading-title elementor-size-default\">Tala i poda<\/h2>\t\t\t\t<\/div>\n\t\t\t\t<div class=\"elementor-element elementor-element-fb1db66 elementor-widget elementor-widget-text-editor\" data-id=\"fb1db66\" data-element_type=\"widget\" data-widget_type=\"text-editor.default\">\n\t\t\t\t\t\t\t\t\t<p><span style=\"font-weight: 400;\">Realitzem podes i tales seguint els est\u00e0ndards europeus d\u2019arboricultura, que garanteixen un treball segur, responsable i respectu\u00f3s amb la biologia de l\u2019arbre.<\/span><\/p><p><span style=\"font-weight: 400;\">La poda consisteix a retirar de manera selectiva branques per millorar la seguretat, la salut i l\u2019estructura de l\u2019arbre.<\/span><span style=\"font-weight: 400;\"><br><\/span><span style=\"font-weight: 400;\"> La tala es du a terme \u00fanicament quan \u00e9s necess\u00e0ria, eliminant l\u2019arbre de manera controlada i segura.<\/span><\/p>\t\t\t\t\t\t\t\t<\/div>\n\t\t\t\t<\/div>\n\t\t\t\t<\/div>\n\t\t\t\t<\/div>\n\t\t<div class=\"elementor-element elementor-element-01a838e e-con-full e-flex e-con e-parent\" data-id=\"01a838e\" data-element_type=\"container\">\n\t\t<div class=\"elementor-element elementor-element-14edf90 e-con-full e-flex elementor-invisible e-con e-child\" data-id=\"14edf90\" data-element_type=\"container\" data-settings=\"{&quot;background_background&quot;:&quot;classic&quot;,&quot;animation&quot;:&quot;slideInRight&quot;}\">\n\t\t<div class=\"elementor-element elementor-element-9cb65d1 e-con-full e-flex e-con e-child\" data-id=\"9cb65d1\" data-element_type=\"container\" data-settings=\"{&quot;animation&quot;:&quot;none&quot;}\">\n\t\t\t\t<div class=\"elementor-element elementor-element-ae57764 elementor-widget elementor-widget-heading\" data-id=\"ae57764\" data-element_type=\"widget\" data-widget_type=\"heading.default\">\n\t\t\t\t\t<h2 class=\"elementor-heading-title elementor-size-default\">Plantaci\u00f3<\/h2>\t\t\t\t<\/div>\n\t\t\t\t<div class=\"elementor-element elementor-element-c80c9df elementor-widget elementor-widget-text-editor\" data-id=\"c80c9df\" data-element_type=\"widget\" data-widget_type=\"text-editor.default\">\n\t\t\t\t\t\t\t\t\t<p><span style=\"font-weight: 400;\">La plantaci\u00f3 \u00e9s el primer pas per garantir un arbrat sa i durador. En arboricultura, no es tracta nom\u00e9s de \u201cposar un arbre\u201d, sin\u00f3 de seleccionar l\u2019esp\u00e8cie adequada, preparar correctament el s\u00f2l i aplicar t\u00e8cniques de plantaci\u00f3 segons els est\u00e0ndards europeus, assegurant aix\u00ed el seu desenvolupament futur.<\/span><\/p>\t\t\t\t\t\t\t\t<\/div>\n\t\t\t\t<\/div>\n\t\t\t\t<\/div>\n\t\t<div class=\"elementor-element elementor-element-f9f11b3 e-con-full e-flex elementor-invisible e-con e-child\" data-id=\"f9f11b3\" data-element_type=\"container\" data-settings=\"{&quot;animation&quot;:&quot;slideInLeft&quot;}\">\n\t\t\t\t<\/div>\n\t\t\t\t<\/div>\n\t\t<div class=\"elementor-element elementor-element-d8eaf9a e-con-full e-flex e-con e-parent\" data-id=\"d8eaf9a\" data-element_type=\"container\">\n\t\t<div class=\"elementor-element elementor-element-9138312 e-con-full e-flex elementor-invisible e-con e-child\" data-id=\"9138312\" data-element_type=\"container\" data-settings=\"{&quot;animation&quot;:&quot;slideInLeft&quot;}\">\n\t\t\t\t<\/div>\n\t\t<div class=\"elementor-element elementor-element-47b4051 e-con-full e-flex elementor-invisible e-con e-child\" data-id=\"47b4051\" data-element_type=\"container\" data-settings=\"{&quot;background_background&quot;:&quot;classic&quot;,&quot;animation&quot;:&quot;slideInRight&quot;}\">\n\t\t<div class=\"elementor-element elementor-element-cd123e3 e-con-full e-flex e-con e-child\" data-id=\"cd123e3\" data-element_type=\"container\" data-settings=\"{&quot;animation&quot;:&quot;none&quot;}\">\n\t\t\t\t<div class=\"elementor-element elementor-element-2842574 elementor-widget elementor-widget-heading\" data-id=\"2842574\" data-element_type=\"widget\" data-widget_type=\"heading.default\">\n\t\t\t\t\t<h2 class=\"elementor-heading-title elementor-size-default\">Desbrossaments verticals<\/h2>\t\t\t\t<\/div>\n\t\t\t\t<div class=\"elementor-element elementor-element-4ac1ad5 elementor-widget elementor-widget-text-editor\" data-id=\"4ac1ad5\" data-element_type=\"widget\" data-widget_type=\"text-editor.default\">\n\t\t\t\t\t\t\t\t\t<p><span style=\"font-weight: 400;\">Els desbrossaments verticals consisteixen en l\u2019eliminaci\u00f3 controlada de vegetaci\u00f3 en talussos, murs o superf\u00edcies inclinades, on l\u2019acc\u00e9s \u00e9s complex. Utilitzem t\u00e8cniques d\u2019escalada i cordes per garantir un treball efica\u00e7, segur i amb el m\u00ednim impacte ambiental.<\/span><\/p><p><span style=\"font-weight: 400;\">El nostre objectiu \u00e9s mantenir la seguretat, la visibilitat i l\u2019estabilitat de l\u2019entorn, assegurant una gesti\u00f3 responsable de la vegetaci\u00f3 en espais d\u2019acc\u00e9s dif\u00edcil.<\/span><\/p>\t\t\t\t\t\t\t\t<\/div>\n\t\t\t\t<\/div>\n\t\t\t\t<\/div>\n\t\t\t\t<\/div>\n\t\t<div class=\"elementor-element elementor-element-07f3c41 e-con-full e-flex e-con e-parent\" data-id=\"07f3c41\" data-element_type=\"container\">\n\t\t<div class=\"elementor-element elementor-element-be46208 e-con-full e-flex elementor-invisible e-con e-child\" data-id=\"be46208\" data-element_type=\"container\" data-settings=\"{&quot;background_background&quot;:&quot;classic&quot;,&quot;animation&quot;:&quot;slideInRight&quot;}\">\n\t\t<div class=\"elementor-element elementor-element-da4d2ec e-con-full e-flex e-con e-child\" data-id=\"da4d2ec\" data-element_type=\"container\" data-settings=\"{&quot;animation&quot;:&quot;none&quot;}\">\n\t\t\t\t<div class=\"elementor-element elementor-element-51607e6 elementor-widget elementor-widget-heading\" data-id=\"51607e6\" data-element_type=\"widget\" data-widget_type=\"heading.default\">\n\t\t\t\t\t<h2 class=\"elementor-heading-title elementor-size-default\">Serveis de jardineria<\/h2>\t\t\t\t<\/div>\n\t\t\t\t<div class=\"elementor-element elementor-element-5dbd05a elementor-widget elementor-widget-text-editor\" data-id=\"5dbd05a\" data-element_type=\"widget\" data-widget_type=\"text-editor.default\">\n\t\t\t\t\t\t\t\t\t<p><span style=\"font-weight: 400;\">Cuidem els espais verds amb un enfocament professional i sostenible, creant jardins saludables i funcionals <\/span><\/p><p><span style=\"font-weight: 400;\">Disseny i plantaci\u00f3, sistemes de reg, manteniment integral<\/span><\/p>\t\t\t\t\t\t\t\t<\/div>\n\t\t\t\t<\/div>\n\t\t\t\t<\/div>\n\t\t<div class=\"elementor-element elementor-element-0667201 e-con-full e-flex elementor-invisible e-con e-child\" data-id=\"0667201\" data-element_type=\"container\" data-settings=\"{&quot;animation&quot;:&quot;slideInLeft&quot;}\">\n\t\t\t\t<\/div>\n\t\t\t\t<\/div>\n\t\t\t\t<\/div>\n\t\t","protected":false},"excerpt":{"rendered":"<p>Avaluaci\u00f3 de l\u2019arbrat L\u2019avaluaci\u00f3 de l\u2019arbrat \u00e9s el proc\u00e9s d\u2019analitzar l\u2019estat, el valor i les necessitats d\u2019un arbre, considerant aspectes com la seva salut, estabilitat, seguretat, funci\u00f3 ambiental i valor econ\u00f2mic o social. Millores del s\u00f2l En arboricultura, la millora del s\u00f2l consisteix a aplicar t\u00e8cniques que optimitzen l\u2019estructura, fertilitat i capacitat de retenci\u00f3 d\u2019aigua [&hellip;]<\/p>\n","protected":false},"author":1,"featured_media":0,"parent":0,"menu_order":0,"comment_status":"closed","ping_status":"closed","template":"","meta":{"_joinchat":[],"footnotes":""},"class_list":["post-489","page","type-page","status-publish","hentry"],"yoast_head":"<!-- This site is optimized with the Yoast SEO plugin v26.1.1 - https:\/\/yoast.com\/wordpress\/plugins\/seo\/ -->\n<title>Serveis - Verde Resiliente<\/title>\n<meta name=\"description\" content=\"Verde Resiliente %\" \/>\n<meta name=\"robots\" content=\"index, follow, max-snippet:-1, max-image-preview:large, max-video-preview:-1\" \/>\n<link rel=\"canonical\" href=\"https:\/\/verderesiliente.com\/ca\/serveis\/\" \/>\n<meta property=\"og:locale\" content=\"ca_ES\" \/>\n<meta property=\"og:type\" content=\"article\" \/>\n<meta property=\"og:title\" content=\"Serveis - Verde Resiliente\" \/>\n<meta property=\"og:description\" content=\"Verde Resiliente %\" \/>\n<meta property=\"og:url\" content=\"https:\/\/verderesiliente.com\/ca\/serveis\/\" \/>\n<meta property=\"og:site_name\" content=\"Verde Resiliente\" \/>\n<meta property=\"article:modified_time\" content=\"2025-10-08T15:14:25+00:00\" \/>\n<meta property=\"og:image\" content=\"https:\/\/verderesiliente.com\/wp-content\/uploads\/2025\/09\/cropped-favicon-1.png\" \/>\n\t<meta property=\"og:image:width\" content=\"512\" \/>\n\t<meta property=\"og:image:height\" content=\"512\" \/>\n\t<meta property=\"og:image:type\" content=\"image\/png\" \/>\n<meta name=\"twitter:card\" content=\"summary_large_image\" \/>\n<meta name=\"twitter:label1\" content=\"Temps estimat de lectura\" \/>\n\t<meta name=\"twitter:data1\" content=\"2 minuts\" \/>\n<script type=\"application\/ld+json\" class=\"yoast-schema-graph\">{\"@context\":\"https:\/\/schema.org\",\"@graph\":[{\"@type\":\"WebPage\",\"@id\":\"https:\/\/verderesiliente.com\/ca\/serveis\/\",\"url\":\"https:\/\/verderesiliente.com\/ca\/serveis\/\",\"name\":\"Serveis - Verde Resiliente\",\"isPartOf\":{\"@id\":\"https:\/\/verderesiliente.com\/#website\"},\"datePublished\":\"2025-09-30T08:37:32+00:00\",\"dateModified\":\"2025-10-08T15:14:25+00:00\",\"description\":\"Verde Resiliente %\",\"breadcrumb\":{\"@id\":\"https:\/\/verderesiliente.com\/ca\/serveis\/#breadcrumb\"},\"inLanguage\":\"ca\",\"potentialAction\":[{\"@type\":\"ReadAction\",\"target\":[\"https:\/\/verderesiliente.com\/ca\/serveis\/\"]}]},{\"@type\":\"BreadcrumbList\",\"@id\":\"https:\/\/verderesiliente.com\/ca\/serveis\/#breadcrumb\",\"itemListElement\":[{\"@type\":\"ListItem\",\"position\":1,\"name\":\"Portada\",\"item\":\"https:\/\/verderesiliente.com\/ca\/inici\/\"},{\"@type\":\"ListItem\",\"position\":2,\"name\":\"Serveis\"}]},{\"@type\":\"WebSite\",\"@id\":\"https:\/\/verderesiliente.com\/#website\",\"url\":\"https:\/\/verderesiliente.com\/\",\"name\":\"Verde Resiliente\",\"description\":\"Serveis d'Arboricultura\",\"publisher\":{\"@id\":\"https:\/\/verderesiliente.com\/#organization\"},\"potentialAction\":[{\"@type\":\"SearchAction\",\"target\":{\"@type\":\"EntryPoint\",\"urlTemplate\":\"https:\/\/verderesiliente.com\/?s={search_term_string}\"},\"query-input\":{\"@type\":\"PropertyValueSpecification\",\"valueRequired\":true,\"valueName\":\"search_term_string\"}}],\"inLanguage\":\"ca\"},{\"@type\":\"Organization\",\"@id\":\"https:\/\/verderesiliente.com\/#organization\",\"name\":\"Verde Resiliente\",\"url\":\"https:\/\/verderesiliente.com\/\",\"logo\":{\"@type\":\"ImageObject\",\"inLanguage\":\"ca\",\"@id\":\"https:\/\/verderesiliente.com\/#\/schema\/logo\/image\/\",\"url\":\"https:\/\/verderesiliente.com\/wp-content\/uploads\/2025\/09\/cropped-Logo.webp\",\"contentUrl\":\"https:\/\/verderesiliente.com\/wp-content\/uploads\/2025\/09\/cropped-Logo.webp\",\"width\":1121,\"height\":448,\"caption\":\"Verde Resiliente\"},\"image\":{\"@id\":\"https:\/\/verderesiliente.com\/#\/schema\/logo\/image\/\"}}]}<\/script>\n<!-- \/ Yoast SEO plugin. -->","yoast_head_json":{"title":"Serveis - Verde Resiliente","description":"Verde Resiliente %","robots":{"index":"index","follow":"follow","max-snippet":"max-snippet:-1","max-image-preview":"max-image-preview:large","max-video-preview":"max-video-preview:-1"},"canonical":"https:\/\/verderesiliente.com\/ca\/serveis\/","og_locale":"ca_ES","og_type":"article","og_title":"Serveis - Verde Resiliente","og_description":"Verde Resiliente %","og_url":"https:\/\/verderesiliente.com\/ca\/serveis\/","og_site_name":"Verde Resiliente","article_modified_time":"2025-10-08T15:14:25+00:00","og_image":[{"width":512,"height":512,"url":"https:\/\/verderesiliente.com\/wp-content\/uploads\/2025\/09\/cropped-favicon-1.png","type":"image\/png"}],"twitter_card":"summary_large_image","twitter_misc":{"Temps estimat de lectura":"2 minuts"},"schema":{"@context":"https:\/\/schema.org","@graph":[{"@type":"WebPage","@id":"https:\/\/verderesiliente.com\/ca\/serveis\/","url":"https:\/\/verderesiliente.com\/ca\/serveis\/","name":"Serveis - Verde Resiliente","isPartOf":{"@id":"https:\/\/verderesiliente.com\/#website"},"datePublished":"2025-09-30T08:37:32+00:00","dateModified":"2025-10-08T15:14:25+00:00","description":"Verde Resiliente %","breadcrumb":{"@id":"https:\/\/verderesiliente.com\/ca\/serveis\/#breadcrumb"},"inLanguage":"ca","potentialAction":[{"@type":"ReadAction","target":["https:\/\/verderesiliente.com\/ca\/serveis\/"]}]},{"@type":"BreadcrumbList","@id":"https:\/\/verderesiliente.com\/ca\/serveis\/#breadcrumb","itemListElement":[{"@type":"ListItem","position":1,"name":"Portada","item":"https:\/\/verderesiliente.com\/ca\/inici\/"},{"@type":"ListItem","position":2,"name":"Serveis"}]},{"@type":"WebSite","@id":"https:\/\/verderesiliente.com\/#website","url":"https:\/\/verderesiliente.com\/","name":"Verde Resiliente","description":"Serveis d'Arboricultura","publisher":{"@id":"https:\/\/verderesiliente.com\/#organization"},"potentialAction":[{"@type":"SearchAction","target":{"@type":"EntryPoint","urlTemplate":"https:\/\/verderesiliente.com\/?s={search_term_string}"},"query-input":{"@type":"PropertyValueSpecification","valueRequired":true,"valueName":"search_term_string"}}],"inLanguage":"ca"},{"@type":"Organization","@id":"https:\/\/verderesiliente.com\/#organization","name":"Verde Resiliente","url":"https:\/\/verderesiliente.com\/","logo":{"@type":"ImageObject","inLanguage":"ca","@id":"https:\/\/verderesiliente.com\/#\/schema\/logo\/image\/","url":"https:\/\/verderesiliente.com\/wp-content\/uploads\/2025\/09\/cropped-Logo.webp","contentUrl":"https:\/\/verderesiliente.com\/wp-content\/uploads\/2025\/09\/cropped-Logo.webp","width":1121,"height":448,"caption":"Verde Resiliente"},"image":{"@id":"https:\/\/verderesiliente.com\/#\/schema\/logo\/image\/"}}]}},"_links":{"self":[{"href":"https:\/\/verderesiliente.com\/ca\/wp-json\/wp\/v2\/pages\/489","targetHints":{"allow":["GET"]}}],"collection":[{"href":"https:\/\/verderesiliente.com\/ca\/wp-json\/wp\/v2\/pages"}],"about":[{"href":"https:\/\/verderesiliente.com\/ca\/wp-json\/wp\/v2\/types\/page"}],"author":[{"embeddable":true,"href":"https:\/\/verderesiliente.com\/ca\/wp-json\/wp\/v2\/users\/1"}],"replies":[{"embeddable":true,"href":"https:\/\/verderesiliente.com\/ca\/wp-json\/wp\/v2\/comments?post=489"}],"version-history":[{"count":4,"href":"https:\/\/verderesiliente.com\/ca\/wp-json\/wp\/v2\/pages\/489\/revisions"}],"predecessor-version":[{"id":745,"href":"https:\/\/verderesiliente.com\/ca\/wp-json\/wp\/v2\/pages\/489\/revisions\/745"}],"wp:attachment":[{"href":"https:\/\/verderesiliente.com\/ca\/wp-json\/wp\/v2\/media?parent=489"}],"curies":[{"name":"wp","href":"https:\/\/api.w.org\/{rel}","templated":true}]}}