{"id":637,"date":"2025-09-30T11:04:14","date_gmt":"2025-09-30T11:04:14","guid":{"rendered":"https:\/\/simone.englody.com\/aviso-legal\/"},"modified":"2025-10-14T11:51:31","modified_gmt":"2025-10-14T11:51:31","slug":"aviso-legal","status":"publish","type":"page","link":"https:\/\/verderesiliente.com\/ca\/aviso-legal\/","title":{"rendered":"Aviso legal"},"content":{"rendered":"\t\t<div data-elementor-type=\"wp-page\" data-elementor-id=\"637\" class=\"elementor elementor-637 elementor-85\" data-elementor-post-type=\"page\">\n\t\t\t\t<div class=\"elementor-element elementor-element-5c7e68c e-flex e-con-boxed e-con e-parent\" data-id=\"5c7e68c\" data-element_type=\"container\">\n\t\t\t\t\t<div class=\"e-con-inner\">\n\t\t\t\t<div class=\"elementor-element elementor-element-e46679b elementor-widget elementor-widget-text-editor\" data-id=\"e46679b\" data-element_type=\"widget\" data-widget_type=\"text-editor.default\">\n\t\t\t\t\t\t\t\t\t<h2>LLEI DELS SERVEIS DE LA SOCIETAT DE LA INFORMACI\u00d3 (LSSI)<\/h2>\n<p><span style=\"font-size: 1rem;\">Verde Resiliente<\/span>, responsable del lloc web, d\u2019ara endavant RESPONSABLE, posa a disposici\u00f3 dels usuaris el present document, amb el qual pret\u00e9n donar compliment a les obligacions establertes a la Llei 34\/2002, de l\u201911 de juliol, de Serveis de la Societat de la Informaci\u00f3 i del Comer\u00e7 Electr\u00f2nic (LSSICE), BOE N.o 166, aix\u00ed com informar tots els usuaris del lloc web respecte a quines s\u00f3n les condicions d\u2019\u00fas.<\/p>\n<p>Tota persona que accedeixi a aquest lloc web assumeix el paper d\u2019usuari, comprometen-se a l\u2019observan\u00e7a i compliment rigor\u00f3s de les disposicions aqu\u00ed establertes, aix\u00ed com a qualsevol altra disposici\u00f3 legal que fos d\u2019aplicaci\u00f3.<\/p>\n<p><span style=\"font-size: 1rem;\">Verde Resiliente<\/span> es reserva el dret de modificar qualsevol tipus d\u2019informaci\u00f3 que pogu\u00e9s apar\u00e8ixer al lloc web, sense que existeixi obligaci\u00f3 d\u2019avisar pr\u00e8viament o posar en coneixement dels usuaris aquestes modificacions, entenent-se com suficient la publicaci\u00f3 al lloc web de Verde Resiliente.<\/p>\n<h2>1. DADES IDENTIFICATIVES<\/h2>\n<p>Nom de domini: verderesiliente.com<br>Nom comercial: Verde Resiliente<br>Domici social:&nbsp;&nbsp;Carrer Joan Maragall 18, Torroella de Montgr\u00ec<br>Tel\u00e8fon: 613704586<br>E-mail: resiliente.verde@gmail.com<\/p>\n<h2>2. DRETS DE PROPIETAT INTEL\u00b7LECTUAL I INDUSTRIAL<\/h2>\n<p>El lloc web, incloent a t\u00edtol enunciatiu per\u00f2 no limitatiu la seva programaci\u00f3, edici\u00f3, compilaci\u00f3 i altres elements necessaris per al seu funcionament, els dissenys, logotips, text i\/o gr\u00e0fics, s\u00f3n propietat del RESPONSABLE o, si escau, disposa de llic\u00e8ncia o autoritzaci\u00f3 expressa per part dels autors. Tots els continguts del lloc web es troben degudament protegits per la normativa de propietat intel\u00b7lectual i industrial, aix\u00ed com inscrits als registres p\u00fablics corresponents. Independentment de la finalitat per a la qual fossin destinats, la reproducci\u00f3 total o parcial, \u00fas, explotaci\u00f3, distribuci\u00f3 i comercialitzaci\u00f3 requereix en tot cas l\u2019autoritzaci\u00f3 escrita pr\u00e8via per part del RESPONSABLE. Qualsevol \u00fas no autoritzat pr\u00e8viament es considera un incompliment greu dels drets de propietat intel\u00b7lectual o industrial de l\u2019autor.<\/p>\n<p>Els dissenys, logotips, text i\/o gr\u00e0fics aliens al RESPONSABLE i que poguessin apar\u00e8ixer al lloc web, pertanyen als seus respectius propietaris, sent ells mateixos responsables de qualsevol possible controv\u00e8rsia que pogu\u00e9s sorgir respecte dels mateixos. El RESPONSABLE autoritza expressament que tercers puguin redirigir directament als continguts concrets del lloc web, i en tot cas redirigir al lloc web principal de verderesiliente.com.<\/p>\n<p>El RESPONSABLE reconeix a favor dels seus titulars els corresponents drets de propietat intel\u00b7lectual i industrial, no implicant la seva sola menci\u00f3 o aparici\u00f3 al lloc web l\u2019exist\u00e8ncia de drets o responsabilitat alguna sobre els mateixos, com tampoc suport, patrocini o recomanaci\u00f3 per part del mateix.<\/p>\n<p>Per realitzar qualsevol tipus d\u2019observaci\u00f3 respecte a possibles incompliments dels drets de propietat intel\u00b7lectual o industrial, aix\u00ed com sobre qualsevol dels continguts del lloc web, es pot fer a trav\u00e9s del correu electr\u00f2nic resiliente.verde@gmail.com.<\/p>\n<h2>3. EXEMPCI\u00d3 DE RESPONSABILITATS<\/h2>\n<p>El RESPONSABLE s\u2019eximeix de qualsevol tipus de responsabilitat derivada de la informaci\u00f3 publicada al seu lloc web sempre que no tingui coneixement efectiu que aquesta informaci\u00f3 hagi estat manipulada o introdu\u00efda per un tercer ali\u00e8 al mateix o, si en t\u00e9 coneixement, hagi actuat amb dilig\u00e8ncia per retirar les dades o fer impossible l\u2019acc\u00e9s a elles.<\/p>\n<p><strong>\u00das de Cookies<\/strong><\/p>\n<p>Aquest lloc web pot utilitzar cookies t\u00e8cniques (petits arxius d\u2019informaci\u00f3 que el servidor envia a l\u2019ordinador de qui accedeix a la p\u00e0gina) per dur a terme determinades funcions que es consideren imprescindibles per al correcte funcionament i visualitzaci\u00f3 del lloc. Les cookies utilitzades tenen, en tot cas, car\u00e0cter temporal, amb l\u2019\u00fanica finalitat de fer m\u00e9s eficient la navegaci\u00f3, i desapareixen en acabar la sessi\u00f3 de l\u2019usuari. En cap cas, aquestes cookies proporcionen per si mateixes dades de car\u00e0cter personal i no s\u2019utilitzaran per a la seva recopilaci\u00f3.<\/p>\n<p>Mitjan\u00e7ant l\u2019\u00fas de cookies tamb\u00e9 \u00e9s possible que el servidor on es troba la web reconegui el navegador utilitzat per l\u2019usuari amb la finalitat que la navegaci\u00f3 sigui m\u00e9s senzilla, permetent, per exemple, l\u2019acc\u00e9s dels usuaris que s\u2019hagin registrat pr\u00e8viament a les \u00e0rees, serveis, promocions o concursos reservats exclusivament per a ells sense haver-se de registrar a cada visita. Tamb\u00e9 es poden utilitzar per mesurar l\u2019audi\u00e8ncia, par\u00e0metres de tr\u00e0nsit, controlar el progr\u00e9s i nombre d\u2019entrades, etc., sent en aquests casos cookies prescindibles t\u00e8cnicament, per\u00f2 beneficioses per a l\u2019usuari. Aquest lloc web no instal\u00b7lar\u00e0 cookies prescindibles sense el consentiment previ de l\u2019usuari.<\/p>\n<p>Aquest lloc web utilitza cookies anal\u00edtiques per habilitar la funci\u00f3 de control de visites \u00faniques amb l\u2019objectiu de facilitar la seva navegaci\u00f3. A tot usuari que visita la web se l\u2019informa de l\u2019\u00fas d\u2019aquestes cookies mitjan\u00e7ant un banner flotant, considerant que si accepta el tractament est\u00e0 d\u2019acord amb el seu \u00fas. En cas d\u2019acceptar-ne l\u2019\u00fas, el banner desapareixer\u00e0, encara que en tot moment podr\u00e0 revocar el consentiment i obtenir m\u00e9s informaci\u00f3 consultant la nostra Pol\u00edtica de cookies.<\/p>\n<p>L\u2019usuari t\u00e9 la possibilitat de configurar el seu navegador per ser alertat de la recepci\u00f3 de cookies i per impedir-ne la instal\u00b7laci\u00f3 al seu equip. Si us plau, consulteu les instruccions del vostre navegador per ampliar aquesta informaci\u00f3.<\/p>\n<p><strong>Pol\u00edtica d\u2019enlla\u00e7os<\/strong><\/p>\n<p>Des del lloc web, \u00e9s possible redirigir a continguts de tercers llocs web. At\u00e8s que el RESPONSABLE no pot controlar sempre els continguts introdu\u00efts per tercers als seus respectius llocs web, no assumeix cap tipus de responsabilitat respecte d\u2019aquests continguts. En tot cas, procedir\u00e0 a la retirada immediata de qualsevol contingut que pogu\u00e9s contravenir la legislaci\u00f3 nacional o internacional, la moral o l\u2019ordre p\u00fablic, procedint a la retirada immediata de la redirecci\u00f3 a aquest lloc web, posant en coneixement de les autoritats competents el contingut en q\u00fcesti\u00f3.<\/p>\n<p>El RESPONSABLE no es fa responsable de la informaci\u00f3 i continguts emmagatzemats, a t\u00edtol enunciatiu per\u00f2 no limitatiu, en f\u00f2rums, xats, generadors de blogs, comentaris, xarxes socials o qualsevol altre mitj\u00e0 que permeti a tercers publicar continguts de forma independent a la p\u00e0gina web del RESPONSABLE. Tot i aix\u00f2, i en compliment del que disposen els articles 11 i 16 de la LSSICE, es posa a disposici\u00f3 de tots els usuaris, autoritats i forces de seguretat, col\u00b7laborant de manera activa en la retirada o, si escau, bloqueig de tots aquells continguts que puguin afectar o contravenir la legislaci\u00f3 nacional o internacional, els drets de tercers o la moral i l\u2019ordre p\u00fablic. En cas que l\u2019usuari consideri que existeix al lloc web algun contingut que pugui ser susceptible d\u2019aquesta classificaci\u00f3, es prega que ho notifiqui immediatament a l\u2019administrador del lloc web.<\/p>\n<p>Aquest lloc web ha estat revisat i provat per funcionar correctament. En principi, es pot garantir el correcte funcionament els 365 dies de l\u2019any, 24 hores al dia. Tot i aix\u00f2, el RESPONSABLE no descarta la possibilitat que hi hagi certs errors de programaci\u00f3, o que es produeixin causes de for\u00e7a major, cat\u00e0strofes naturals, vagues o circumst\u00e0ncies semblants que facin impossible l\u2019acc\u00e9s al lloc web.<\/p>\n<p><strong>Adreces IP<\/strong><\/p>\n<p>Els servidors del lloc web podran detectar de manera autom\u00e0tica l\u2019adre\u00e7a IP i el nom de domini utilitzats per l\u2019usuari. Una adre\u00e7a IP \u00e9s un n\u00famero assignat autom\u00e0ticament a un ordinador quan es connecta a Internet. Tota aquesta informaci\u00f3 es registra en un fitxer d\u2019activitat del servidor degudament inscrit que permet el posterior processament de les dades amb la finalitat d\u2019obtenir mesures nom\u00e9s estad\u00edstiques que permetin con\u00e8ixer el nombre d\u2019impressions de p\u00e0gines, el nombre de visites realitzades als servidors web, l\u2019ordre de visites, el punt d\u2019acc\u00e9s, etc.<\/p>\n<h2>4. LLEI APLICABLE I JURISDICCI\u00d3<\/h2>\n<p>Per a la resoluci\u00f3 de totes les controv\u00e8rsies o q\u00fcestions relacionades amb aquest lloc web o amb les activitats desenvolupades en ell, ser\u00e0 d\u2019aplicaci\u00f3 la legislaci\u00f3 espanyola, a la qual es sotmeten expressament les parts, sent competents per a la resoluci\u00f3 de tots els conflictes derivats o relacionats amb el seu \u00fas els Jutjats i Tribunals del domicili de l\u2019USUARI o el lloc del compliment de l\u2019obligaci\u00f3.<\/p>\t\t\t\t\t\t\t\t<\/div>\n\t\t\t\t\t<\/div>\n\t\t\t\t<\/div>\n\t\t\t\t<\/div>\n\t\t","protected":false},"excerpt":{"rendered":"<p>LLEI DELS SERVEIS DE LA SOCIETAT DE LA INFORMACI\u00d3 (LSSI) Verde Resiliente, responsable del lloc web, d\u2019ara endavant RESPONSABLE, posa a disposici\u00f3 dels usuaris el present document, amb el qual pret\u00e9n donar compliment a les obligacions establertes a la Llei 34\/2002, de l\u201911 de juliol, de Serveis de la Societat de la Informaci\u00f3 i del [&hellip;]<\/p>\n","protected":false},"author":1,"featured_media":0,"parent":0,"menu_order":0,"comment_status":"closed","ping_status":"closed","template":"","meta":{"_joinchat":[],"footnotes":""},"class_list":["post-637","page","type-page","status-publish","hentry"],"yoast_head":"<!-- This site is optimized with the Yoast SEO plugin v26.1.1 - https:\/\/yoast.com\/wordpress\/plugins\/seo\/ -->\n<title>Aviso legal - Verde Resiliente<\/title>\n<meta name=\"description\" content=\"Verde Resiliente %\" \/>\n<meta name=\"robots\" content=\"index, follow, max-snippet:-1, max-image-preview:large, max-video-preview:-1\" \/>\n<link rel=\"canonical\" href=\"https:\/\/verderesiliente.com\/ca\/aviso-legal\/\" \/>\n<meta property=\"og:locale\" content=\"ca_ES\" \/>\n<meta property=\"og:type\" content=\"article\" \/>\n<meta property=\"og:title\" content=\"Aviso legal - Verde Resiliente\" \/>\n<meta property=\"og:description\" content=\"Verde Resiliente %\" \/>\n<meta property=\"og:url\" content=\"https:\/\/verderesiliente.com\/ca\/aviso-legal\/\" \/>\n<meta property=\"og:site_name\" content=\"Verde Resiliente\" \/>\n<meta property=\"article:modified_time\" content=\"2025-10-14T11:51:31+00:00\" \/>\n<meta property=\"og:image\" content=\"https:\/\/verderesiliente.com\/wp-content\/uploads\/2025\/09\/cropped-favicon-1.png\" \/>\n\t<meta property=\"og:image:width\" content=\"512\" \/>\n\t<meta property=\"og:image:height\" content=\"512\" \/>\n\t<meta property=\"og:image:type\" content=\"image\/png\" \/>\n<meta name=\"twitter:card\" content=\"summary_large_image\" \/>\n<meta name=\"twitter:label1\" content=\"Temps estimat de lectura\" \/>\n\t<meta name=\"twitter:data1\" content=\"7 minuts\" \/>\n<script type=\"application\/ld+json\" class=\"yoast-schema-graph\">{\"@context\":\"https:\/\/schema.org\",\"@graph\":[{\"@type\":\"WebPage\",\"@id\":\"https:\/\/verderesiliente.com\/ca\/aviso-legal\/\",\"url\":\"https:\/\/verderesiliente.com\/ca\/aviso-legal\/\",\"name\":\"Aviso legal - Verde Resiliente\",\"isPartOf\":{\"@id\":\"https:\/\/verderesiliente.com\/#website\"},\"datePublished\":\"2025-09-30T11:04:14+00:00\",\"dateModified\":\"2025-10-14T11:51:31+00:00\",\"description\":\"Verde Resiliente %\",\"breadcrumb\":{\"@id\":\"https:\/\/verderesiliente.com\/ca\/aviso-legal\/#breadcrumb\"},\"inLanguage\":\"ca\",\"potentialAction\":[{\"@type\":\"ReadAction\",\"target\":[\"https:\/\/verderesiliente.com\/ca\/aviso-legal\/\"]}]},{\"@type\":\"BreadcrumbList\",\"@id\":\"https:\/\/verderesiliente.com\/ca\/aviso-legal\/#breadcrumb\",\"itemListElement\":[{\"@type\":\"ListItem\",\"position\":1,\"name\":\"Portada\",\"item\":\"https:\/\/verderesiliente.com\/ca\/inici\/\"},{\"@type\":\"ListItem\",\"position\":2,\"name\":\"Aviso legal\"}]},{\"@type\":\"WebSite\",\"@id\":\"https:\/\/verderesiliente.com\/#website\",\"url\":\"https:\/\/verderesiliente.com\/\",\"name\":\"Verde Resiliente\",\"description\":\"Serveis d'Arboricultura\",\"publisher\":{\"@id\":\"https:\/\/verderesiliente.com\/#organization\"},\"potentialAction\":[{\"@type\":\"SearchAction\",\"target\":{\"@type\":\"EntryPoint\",\"urlTemplate\":\"https:\/\/verderesiliente.com\/?s={search_term_string}\"},\"query-input\":{\"@type\":\"PropertyValueSpecification\",\"valueRequired\":true,\"valueName\":\"search_term_string\"}}],\"inLanguage\":\"ca\"},{\"@type\":\"Organization\",\"@id\":\"https:\/\/verderesiliente.com\/#organization\",\"name\":\"Verde Resiliente\",\"url\":\"https:\/\/verderesiliente.com\/\",\"logo\":{\"@type\":\"ImageObject\",\"inLanguage\":\"ca\",\"@id\":\"https:\/\/verderesiliente.com\/#\/schema\/logo\/image\/\",\"url\":\"https:\/\/verderesiliente.com\/wp-content\/uploads\/2025\/09\/cropped-Logo.webp\",\"contentUrl\":\"https:\/\/verderesiliente.com\/wp-content\/uploads\/2025\/09\/cropped-Logo.webp\",\"width\":1121,\"height\":448,\"caption\":\"Verde Resiliente\"},\"image\":{\"@id\":\"https:\/\/verderesiliente.com\/#\/schema\/logo\/image\/\"}}]}<\/script>\n<!-- \/ Yoast SEO plugin. -->","yoast_head_json":{"title":"Aviso legal - Verde Resiliente","description":"Verde Resiliente %","robots":{"index":"index","follow":"follow","max-snippet":"max-snippet:-1","max-image-preview":"max-image-preview:large","max-video-preview":"max-video-preview:-1"},"canonical":"https:\/\/verderesiliente.com\/ca\/aviso-legal\/","og_locale":"ca_ES","og_type":"article","og_title":"Aviso legal - Verde Resiliente","og_description":"Verde Resiliente %","og_url":"https:\/\/verderesiliente.com\/ca\/aviso-legal\/","og_site_name":"Verde Resiliente","article_modified_time":"2025-10-14T11:51:31+00:00","og_image":[{"width":512,"height":512,"url":"https:\/\/verderesiliente.com\/wp-content\/uploads\/2025\/09\/cropped-favicon-1.png","type":"image\/png"}],"twitter_card":"summary_large_image","twitter_misc":{"Temps estimat de lectura":"7 minuts"},"schema":{"@context":"https:\/\/schema.org","@graph":[{"@type":"WebPage","@id":"https:\/\/verderesiliente.com\/ca\/aviso-legal\/","url":"https:\/\/verderesiliente.com\/ca\/aviso-legal\/","name":"Aviso legal - Verde Resiliente","isPartOf":{"@id":"https:\/\/verderesiliente.com\/#website"},"datePublished":"2025-09-30T11:04:14+00:00","dateModified":"2025-10-14T11:51:31+00:00","description":"Verde Resiliente %","breadcrumb":{"@id":"https:\/\/verderesiliente.com\/ca\/aviso-legal\/#breadcrumb"},"inLanguage":"ca","potentialAction":[{"@type":"ReadAction","target":["https:\/\/verderesiliente.com\/ca\/aviso-legal\/"]}]},{"@type":"BreadcrumbList","@id":"https:\/\/verderesiliente.com\/ca\/aviso-legal\/#breadcrumb","itemListElement":[{"@type":"ListItem","position":1,"name":"Portada","item":"https:\/\/verderesiliente.com\/ca\/inici\/"},{"@type":"ListItem","position":2,"name":"Aviso legal"}]},{"@type":"WebSite","@id":"https:\/\/verderesiliente.com\/#website","url":"https:\/\/verderesiliente.com\/","name":"Verde Resiliente","description":"Serveis d'Arboricultura","publisher":{"@id":"https:\/\/verderesiliente.com\/#organization"},"potentialAction":[{"@type":"SearchAction","target":{"@type":"EntryPoint","urlTemplate":"https:\/\/verderesiliente.com\/?s={search_term_string}"},"query-input":{"@type":"PropertyValueSpecification","valueRequired":true,"valueName":"search_term_string"}}],"inLanguage":"ca"},{"@type":"Organization","@id":"https:\/\/verderesiliente.com\/#organization","name":"Verde Resiliente","url":"https:\/\/verderesiliente.com\/","logo":{"@type":"ImageObject","inLanguage":"ca","@id":"https:\/\/verderesiliente.com\/#\/schema\/logo\/image\/","url":"https:\/\/verderesiliente.com\/wp-content\/uploads\/2025\/09\/cropped-Logo.webp","contentUrl":"https:\/\/verderesiliente.com\/wp-content\/uploads\/2025\/09\/cropped-Logo.webp","width":1121,"height":448,"caption":"Verde Resiliente"},"image":{"@id":"https:\/\/verderesiliente.com\/#\/schema\/logo\/image\/"}}]}},"_links":{"self":[{"href":"https:\/\/verderesiliente.com\/ca\/wp-json\/wp\/v2\/pages\/637","targetHints":{"allow":["GET"]}}],"collection":[{"href":"https:\/\/verderesiliente.com\/ca\/wp-json\/wp\/v2\/pages"}],"about":[{"href":"https:\/\/verderesiliente.com\/ca\/wp-json\/wp\/v2\/types\/page"}],"author":[{"embeddable":true,"href":"https:\/\/verderesiliente.com\/ca\/wp-json\/wp\/v2\/users\/1"}],"replies":[{"embeddable":true,"href":"https:\/\/verderesiliente.com\/ca\/wp-json\/wp\/v2\/comments?post=637"}],"version-history":[{"count":10,"href":"https:\/\/verderesiliente.com\/ca\/wp-json\/wp\/v2\/pages\/637\/revisions"}],"predecessor-version":[{"id":774,"href":"https:\/\/verderesiliente.com\/ca\/wp-json\/wp\/v2\/pages\/637\/revisions\/774"}],"wp:attachment":[{"href":"https:\/\/verderesiliente.com\/ca\/wp-json\/wp\/v2\/media?parent=637"}],"curies":[{"name":"wp","href":"https:\/\/api.w.org\/{rel}","templated":true}]}}