{"id":643,"date":"2025-09-30T11:14:38","date_gmt":"2025-09-30T11:14:38","guid":{"rendered":"https:\/\/simone.englody.com\/politica-de-privacidad\/"},"modified":"2025-10-14T11:52:40","modified_gmt":"2025-10-14T11:52:40","slug":"politica-de-privacidad","status":"publish","type":"page","link":"https:\/\/verderesiliente.com\/ca\/politica-de-privacidad\/","title":{"rendered":"Pol\u00edtica de privacidad"},"content":{"rendered":"\t\t<div data-elementor-type=\"wp-page\" data-elementor-id=\"643\" class=\"elementor elementor-643 elementor-3\" data-elementor-post-type=\"page\">\n\t\t\t\t<div class=\"elementor-element elementor-element-b75619f e-flex e-con-boxed e-con e-parent\" data-id=\"b75619f\" data-element_type=\"container\">\n\t\t\t\t\t<div class=\"e-con-inner\">\n\t\t\t\t<div class=\"elementor-element elementor-element-470269b elementor-widget elementor-widget-text-editor\" data-id=\"470269b\" data-element_type=\"widget\" data-widget_type=\"text-editor.default\">\n\t\t\t\t\t\t\t\t\t<h2>1. INFORMACI\u00d3 A L\u2019USUARI<\/h2>\n<h4>Qui \u00e9s el responsable del tractament de les teves dades personals?<\/h4>\n<p>Verde Resiliente \u00e9s el RESPONSABLE del tractament de les dades personals de l\u2019USUARI i l\u2019informa que aquestes dades seran tractades d\u2019acord amb el Reglament (UE) 2016\/679, de 27 d\u2019abril (GDPR), i la Llei Org\u00e0nica 3\/2018, de 5 de desembre (LOPDGDD).<\/p>\n<h4>Per a qu\u00e8 tractem les teves dades personals i per qu\u00e8 ho fem?<\/h4>\n<p>Segons el formulari on h\u00e0gim obtingut les seves dades personals, les tractarem de manera confidencial per assolir els seg\u00fcents fins:<\/p>\n<p>En el formulari <strong>Contacte<\/strong><\/p>\n<ul>\n<li>Donar resposta a les consultes o qualsevol tipus de petici\u00f3 realitzada per l\u2019usuari a trav\u00e9s de qualsevol de les formes de contacte disponibles al lloc web del responsable.<br>\n(pel leg\u00edtim inter\u00e8s del responsable, art. 6.1.f GDPR)<\/li>\n<li>Realitzar an\u00e0lisis estad\u00edstiques i estudis de mercat.<br>\n(pel leg\u00edtim inter\u00e8s del responsable, art. 6.1.f GDPR)<\/li>\n<\/ul>\n<h4>Durant quant de temps conservarem les teves dades personals?<\/h4>\n<p>Es conservaran nom\u00e9s el temps necessari per mantenir la finalitat del tractament o mentre existeixin disposicions legals que determinin la seva cust\u00f2dia, i quan ja no sigui necessari, es suprimiran amb mesures de seguretat adequades per garantir l\u2019anonimitzaci\u00f3 o destrucci\u00f3 total de les dades.<\/p>\n<h4>A qui facilitem les seves dades personals?<\/h4>\n<p>No est\u00e0 prevista cap comunicaci\u00f3 de dades personals a tercers, excepte si fos necessari per al desenvolupament i execuci\u00f3 de les finalitats del tractament, als nostres prove\u00efdors de serveis relacionats amb comunicacions, amb els quals el RESPONSABLE t\u00e9 subscrits els contractes de confidencialitat i de encarregat de tractament exigits per la normativa vigent de privadesa.<\/p>\n<h4>Quins s\u00f3n els teus drets?<\/h4>\n<p>Els drets de l\u2019USUARI s\u00f3n:<\/p>\n<ul>\n<li>Dret a retirar el consentiment en qualsevol moment.<\/li>\n<li>Dret d\u2019acc\u00e9s, rectificaci\u00f3, portabilitat i supressi\u00f3 de les seves dades, i de limitaci\u00f3 o oposici\u00f3 al seu tractament.<\/li>\n<li>Dret a presentar una reclamaci\u00f3 davant l\u2019autoritat de control (www.aepd.es) si considera que el tractament no s\u2019ajusta a la normativa vigent.<\/li>\n<\/ul>\n<p><strong>Dades de contacte per exercir els drets:<\/strong><\/p>\n<p><span style=\"font-size: 1rem;\">Nom de domini:&nbsp;<\/span>verderesiliente.com<\/p>\n<p>Nom comercial: Verde Resiliente<br>\nDomici social:&nbsp;&nbsp;Carrer Joan Maragall 18, Torroella de Montgr\u00ec<br>\nTel\u00e8fon: 613704586<br>\nE-mail: resiliente.verde@gmail.com<\/p>\n<h2>2. CAR\u00c0CTER OBLIGATORI O FACULTATIU DE LA INFORMACI\u00d3 FACILITADA PER L\u2019USUARI<\/h2>\n<p>Els USUARIS, marcant les caselles corresponents i introduint dades als camps marcats amb un asterisc (*) al formulari de contacte o presentats en formularis de desc\u00e0rrega, accepten expressament i de manera lliure i inequ\u00edvoca que les seves dades s\u00f3n necess\u00e0ries per atendre la seva petici\u00f3, sent volunt\u00e0ria la inclusi\u00f3 de dades als altres camps. L\u2019USUARI garanteix que les dades personals facilitades al RESPONSABLE s\u00f3n veraces i es compromet a comunicar qualsevol modificaci\u00f3.<\/p>\n<p>El RESPONSABLE informa que totes les dades sol\u00b7licitades a trav\u00e9s del lloc web s\u00f3n obligat\u00f2ries per oferir un servei \u00f2ptim a l\u2019USUARI. Si no es faciliten totes les dades, no es garanteix que la informaci\u00f3 i serveis siguin completament ajustats a les seves necessitats.<\/p>\n<h4>3. MESURES DE SEGURETAT<\/h4>\n<p>D\u2019acord amb la normativa vigent en protecci\u00f3 de dades personals, el RESPONSABLE compleix totes les disposicions del GDPR i la LOPDGDD per al tractament de dades personals, de manera l\u00edcita, lleial i transparent, adequades, pertinents i limitades als fins pels quals es tracten.<\/p>\n<p>El RESPONSABLE garanteix haver implementat pol\u00edtiques t\u00e8cniques i organitzatives apropiades per aplicar les mesures de seguretat establertes pel GDPR i la LOPDGDD, protegint els drets i llibertats dels USUARIS i proporcionant-los informaci\u00f3 adequada per exercir-los.<\/p>\n<p>Per a m\u00e9s informaci\u00f3 sobre les garanties de privadesa, pots dirigir-te al RESPONSABLE a trav\u00e9s de:<\/p>\n<p><span style=\"font-size: 1rem;\">Nom de domini:&nbsp;<\/span>verderesiliente.com<\/p>\n<p>Nom comercial: Verde Resiliente<br>\nDomici social:&nbsp;&nbsp;Carrer Joan Maragall 18, Torroella de Montgr\u00ec<br>\nTel\u00e8fon: 613704586<br>\nE-mail: resiliente.verde@gmail.com<\/p>\n<p><strong>4. ACCESSIBILITAT WEB<\/strong><\/p>\n<p><span style=\"font-size: 1rem;\">Verde Resiliente<\/span> es compromet a oferir un lloc web accessible a la major audi\u00e8ncia possible, independentment de les circumst\u00e0ncies i capacitats. L\u2019objectiu \u00e9s complir amb les Pautes d\u2019Accessibilitat per al Contingut Web (WCAG 2.0, Nivell AA), publicades pel Consorci WWW (W3C). Aquestes pautes expliquen com fer el contingut web m\u00e9s accessible per a persones amb discapacitat. Tot i l\u2019esfor\u00e7 per complir-les, no sempre \u00e9s possible en totes les \u00e0rees del lloc. Ten en compte que, degut a la naturalesa din\u00e0mica del web, poden apar\u00e8ixer incid\u00e8ncies menors. Continuament treballem per portar totes les \u00e0rees al mateix nivell d\u2019accessibilitat.<\/p>\n<p>Si tens comentaris o suggeriments per millorar l\u2019accessibilitat, contacta amb el coordinador d\u2019accessibilitat de Verde Resiliente al 613704586 o per e-mail a resiliente.verde@gmail.com.<\/p>\t\t\t\t\t\t\t\t<\/div>\n\t\t\t\t\t<\/div>\n\t\t\t\t<\/div>\n\t\t\t\t<\/div>\n\t\t","protected":false},"excerpt":{"rendered":"<p>1. INFORMACI\u00d3 A L\u2019USUARI Qui \u00e9s el responsable del tractament de les teves dades personals? Verde Resiliente \u00e9s el RESPONSABLE del tractament de les dades personals de l\u2019USUARI i l\u2019informa que aquestes dades seran tractades d\u2019acord amb el Reglament (UE) 2016\/679, de 27 d\u2019abril (GDPR), i la Llei Org\u00e0nica 3\/2018, de 5 de desembre (LOPDGDD). [&hellip;]<\/p>\n","protected":false},"author":1,"featured_media":0,"parent":0,"menu_order":0,"comment_status":"closed","ping_status":"closed","template":"","meta":{"_joinchat":[],"footnotes":""},"class_list":["post-643","page","type-page","status-publish","hentry"],"yoast_head":"<!-- This site is optimized with the Yoast SEO plugin v26.1.1 - https:\/\/yoast.com\/wordpress\/plugins\/seo\/ -->\n<title>Pol\u00edtica de privacidad - Verde Resiliente<\/title>\n<meta name=\"description\" content=\"Verde Resiliente %\" \/>\n<meta name=\"robots\" content=\"index, follow, max-snippet:-1, max-image-preview:large, max-video-preview:-1\" \/>\n<link rel=\"canonical\" href=\"https:\/\/verderesiliente.com\/ca\/politica-de-privacidad\/\" \/>\n<meta property=\"og:locale\" content=\"ca_ES\" \/>\n<meta property=\"og:type\" content=\"article\" \/>\n<meta property=\"og:title\" content=\"Pol\u00edtica de privacidad - Verde Resiliente\" \/>\n<meta property=\"og:description\" content=\"Verde Resiliente %\" \/>\n<meta property=\"og:url\" content=\"https:\/\/verderesiliente.com\/ca\/politica-de-privacidad\/\" \/>\n<meta property=\"og:site_name\" content=\"Verde Resiliente\" \/>\n<meta property=\"article:modified_time\" content=\"2025-10-14T11:52:40+00:00\" \/>\n<meta property=\"og:image\" content=\"https:\/\/verderesiliente.com\/wp-content\/uploads\/2025\/09\/cropped-favicon-1.png\" \/>\n\t<meta property=\"og:image:width\" content=\"512\" \/>\n\t<meta property=\"og:image:height\" content=\"512\" \/>\n\t<meta property=\"og:image:type\" content=\"image\/png\" \/>\n<meta name=\"twitter:card\" content=\"summary_large_image\" \/>\n<meta name=\"twitter:label1\" content=\"Temps estimat de lectura\" \/>\n\t<meta name=\"twitter:data1\" content=\"4 minuts\" \/>\n<script type=\"application\/ld+json\" class=\"yoast-schema-graph\">{\"@context\":\"https:\/\/schema.org\",\"@graph\":[{\"@type\":\"WebPage\",\"@id\":\"https:\/\/verderesiliente.com\/ca\/politica-de-privacidad\/\",\"url\":\"https:\/\/verderesiliente.com\/ca\/politica-de-privacidad\/\",\"name\":\"Pol\u00edtica de privacidad - Verde Resiliente\",\"isPartOf\":{\"@id\":\"https:\/\/verderesiliente.com\/#website\"},\"datePublished\":\"2025-09-30T11:14:38+00:00\",\"dateModified\":\"2025-10-14T11:52:40+00:00\",\"description\":\"Verde Resiliente %\",\"breadcrumb\":{\"@id\":\"https:\/\/verderesiliente.com\/ca\/politica-de-privacidad\/#breadcrumb\"},\"inLanguage\":\"ca\",\"potentialAction\":[{\"@type\":\"ReadAction\",\"target\":[\"https:\/\/verderesiliente.com\/ca\/politica-de-privacidad\/\"]}]},{\"@type\":\"BreadcrumbList\",\"@id\":\"https:\/\/verderesiliente.com\/ca\/politica-de-privacidad\/#breadcrumb\",\"itemListElement\":[{\"@type\":\"ListItem\",\"position\":1,\"name\":\"Portada\",\"item\":\"https:\/\/verderesiliente.com\/ca\/inici\/\"},{\"@type\":\"ListItem\",\"position\":2,\"name\":\"Pol\u00edtica de privacidad\"}]},{\"@type\":\"WebSite\",\"@id\":\"https:\/\/verderesiliente.com\/#website\",\"url\":\"https:\/\/verderesiliente.com\/\",\"name\":\"Verde Resiliente\",\"description\":\"Serveis d'Arboricultura\",\"publisher\":{\"@id\":\"https:\/\/verderesiliente.com\/#organization\"},\"potentialAction\":[{\"@type\":\"SearchAction\",\"target\":{\"@type\":\"EntryPoint\",\"urlTemplate\":\"https:\/\/verderesiliente.com\/?s={search_term_string}\"},\"query-input\":{\"@type\":\"PropertyValueSpecification\",\"valueRequired\":true,\"valueName\":\"search_term_string\"}}],\"inLanguage\":\"ca\"},{\"@type\":\"Organization\",\"@id\":\"https:\/\/verderesiliente.com\/#organization\",\"name\":\"Verde Resiliente\",\"url\":\"https:\/\/verderesiliente.com\/\",\"logo\":{\"@type\":\"ImageObject\",\"inLanguage\":\"ca\",\"@id\":\"https:\/\/verderesiliente.com\/#\/schema\/logo\/image\/\",\"url\":\"https:\/\/verderesiliente.com\/wp-content\/uploads\/2025\/09\/cropped-Logo.webp\",\"contentUrl\":\"https:\/\/verderesiliente.com\/wp-content\/uploads\/2025\/09\/cropped-Logo.webp\",\"width\":1121,\"height\":448,\"caption\":\"Verde Resiliente\"},\"image\":{\"@id\":\"https:\/\/verderesiliente.com\/#\/schema\/logo\/image\/\"}}]}<\/script>\n<!-- \/ Yoast SEO plugin. -->","yoast_head_json":{"title":"Pol\u00edtica de privacidad - Verde Resiliente","description":"Verde Resiliente %","robots":{"index":"index","follow":"follow","max-snippet":"max-snippet:-1","max-image-preview":"max-image-preview:large","max-video-preview":"max-video-preview:-1"},"canonical":"https:\/\/verderesiliente.com\/ca\/politica-de-privacidad\/","og_locale":"ca_ES","og_type":"article","og_title":"Pol\u00edtica de privacidad - Verde Resiliente","og_description":"Verde Resiliente %","og_url":"https:\/\/verderesiliente.com\/ca\/politica-de-privacidad\/","og_site_name":"Verde Resiliente","article_modified_time":"2025-10-14T11:52:40+00:00","og_image":[{"width":512,"height":512,"url":"https:\/\/verderesiliente.com\/wp-content\/uploads\/2025\/09\/cropped-favicon-1.png","type":"image\/png"}],"twitter_card":"summary_large_image","twitter_misc":{"Temps estimat de lectura":"4 minuts"},"schema":{"@context":"https:\/\/schema.org","@graph":[{"@type":"WebPage","@id":"https:\/\/verderesiliente.com\/ca\/politica-de-privacidad\/","url":"https:\/\/verderesiliente.com\/ca\/politica-de-privacidad\/","name":"Pol\u00edtica de privacidad - Verde Resiliente","isPartOf":{"@id":"https:\/\/verderesiliente.com\/#website"},"datePublished":"2025-09-30T11:14:38+00:00","dateModified":"2025-10-14T11:52:40+00:00","description":"Verde Resiliente %","breadcrumb":{"@id":"https:\/\/verderesiliente.com\/ca\/politica-de-privacidad\/#breadcrumb"},"inLanguage":"ca","potentialAction":[{"@type":"ReadAction","target":["https:\/\/verderesiliente.com\/ca\/politica-de-privacidad\/"]}]},{"@type":"BreadcrumbList","@id":"https:\/\/verderesiliente.com\/ca\/politica-de-privacidad\/#breadcrumb","itemListElement":[{"@type":"ListItem","position":1,"name":"Portada","item":"https:\/\/verderesiliente.com\/ca\/inici\/"},{"@type":"ListItem","position":2,"name":"Pol\u00edtica de privacidad"}]},{"@type":"WebSite","@id":"https:\/\/verderesiliente.com\/#website","url":"https:\/\/verderesiliente.com\/","name":"Verde Resiliente","description":"Serveis d'Arboricultura","publisher":{"@id":"https:\/\/verderesiliente.com\/#organization"},"potentialAction":[{"@type":"SearchAction","target":{"@type":"EntryPoint","urlTemplate":"https:\/\/verderesiliente.com\/?s={search_term_string}"},"query-input":{"@type":"PropertyValueSpecification","valueRequired":true,"valueName":"search_term_string"}}],"inLanguage":"ca"},{"@type":"Organization","@id":"https:\/\/verderesiliente.com\/#organization","name":"Verde Resiliente","url":"https:\/\/verderesiliente.com\/","logo":{"@type":"ImageObject","inLanguage":"ca","@id":"https:\/\/verderesiliente.com\/#\/schema\/logo\/image\/","url":"https:\/\/verderesiliente.com\/wp-content\/uploads\/2025\/09\/cropped-Logo.webp","contentUrl":"https:\/\/verderesiliente.com\/wp-content\/uploads\/2025\/09\/cropped-Logo.webp","width":1121,"height":448,"caption":"Verde Resiliente"},"image":{"@id":"https:\/\/verderesiliente.com\/#\/schema\/logo\/image\/"}}]}},"_links":{"self":[{"href":"https:\/\/verderesiliente.com\/ca\/wp-json\/wp\/v2\/pages\/643","targetHints":{"allow":["GET"]}}],"collection":[{"href":"https:\/\/verderesiliente.com\/ca\/wp-json\/wp\/v2\/pages"}],"about":[{"href":"https:\/\/verderesiliente.com\/ca\/wp-json\/wp\/v2\/types\/page"}],"author":[{"embeddable":true,"href":"https:\/\/verderesiliente.com\/ca\/wp-json\/wp\/v2\/users\/1"}],"replies":[{"embeddable":true,"href":"https:\/\/verderesiliente.com\/ca\/wp-json\/wp\/v2\/comments?post=643"}],"version-history":[{"count":9,"href":"https:\/\/verderesiliente.com\/ca\/wp-json\/wp\/v2\/pages\/643\/revisions"}],"predecessor-version":[{"id":777,"href":"https:\/\/verderesiliente.com\/ca\/wp-json\/wp\/v2\/pages\/643\/revisions\/777"}],"wp:attachment":[{"href":"https:\/\/verderesiliente.com\/ca\/wp-json\/wp\/v2\/media?parent=643"}],"curies":[{"name":"wp","href":"https:\/\/api.w.org\/{rel}","templated":true}]}}