{"id":594,"date":"2025-09-30T10:38:58","date_gmt":"2025-09-30T10:38:58","guid":{"rendered":"https:\/\/simone.englody.com\/home\/"},"modified":"2025-10-22T07:43:02","modified_gmt":"2025-10-22T07:43:02","slug":"home","status":"publish","type":"page","link":"https:\/\/verderesiliente.com\/fr\/","title":{"rendered":"Home"},"content":{"rendered":"\t\t<div data-elementor-type=\"wp-page\" data-elementor-id=\"594\" class=\"elementor elementor-594 elementor-7\" data-elementor-post-type=\"page\">\n\t\t\t\t<div class=\"elementor-element elementor-element-d62fd47 e-flex e-con-boxed e-con e-parent\" data-id=\"d62fd47\" data-element_type=\"container\" data-settings=\"{&quot;background_background&quot;:&quot;classic&quot;}\">\n\t\t\t\t\t<div class=\"e-con-inner\">\n\t\t<div class=\"elementor-element elementor-element-afce09a e-con-full e-flex e-con e-child\" data-id=\"afce09a\" data-element_type=\"container\">\n\t\t<div class=\"elementor-element elementor-element-9876b8d e-con-full e-flex e-con e-child\" data-id=\"9876b8d\" data-element_type=\"container\">\n\t\t\t\t<div class=\"elementor-element elementor-element-228a83c animated-slow elementor-invisible elementor-widget elementor-widget-button\" data-id=\"228a83c\" data-element_type=\"widget\" data-settings=\"{&quot;_animation&quot;:&quot;slideInUp&quot;,&quot;_animation_delay&quot;:0}\" data-widget_type=\"button.default\">\n\t\t\t\t\t\t\t\t\t\t<a class=\"elementor-button elementor-button-link elementor-size-sm\" href=\"https:\/\/verderesiliente.com\/fr\/contact\/\">\n\t\t\t\t\t\t<span class=\"elementor-button-content-wrapper\">\n\t\t\t\t\t\t\t\t\t<span class=\"elementor-button-text\">DEMANDEZ VOTRE DEVIS<\/span>\n\t\t\t\t\t<\/span>\n\t\t\t\t\t<\/a>\n\t\t\t\t\t\t\t\t<\/div>\n\t\t\t\t<div class=\"elementor-element elementor-element-500e8dc elementor-widget-divider--view-line elementor-widget elementor-widget-divider\" data-id=\"500e8dc\" data-element_type=\"widget\" data-widget_type=\"divider.default\">\n\t\t\t\t\t\t\t<div class=\"elementor-divider\">\n\t\t\t<span class=\"elementor-divider-separator\">\n\t\t\t\t\t\t<\/span>\n\t\t<\/div>\n\t\t\t\t\t\t<\/div>\n\t\t\t\t<div class=\"elementor-element elementor-element-62a4d09 elementor-widget elementor-widget-heading\" data-id=\"62a4d09\" data-element_type=\"widget\" data-widget_type=\"heading.default\">\n\t\t\t\t\t<h1 class=\"elementor-heading-title elementor-size-default\">SERVICES D'ARBORICULTURE \u00c0 G\u00c9RONE<\/h1>\t\t\t\t<\/div>\n\t\t\t\t<div class=\"elementor-element elementor-element-8867fdd elementor-widget elementor-widget-heading\" data-id=\"8867fdd\" data-element_type=\"widget\" data-widget_type=\"heading.default\">\n\t\t\t\t\t<h2 class=\"elementor-heading-title elementor-size-default\">VERDE RESILIENTE<\/h2>\t\t\t\t<\/div>\n\t\t\t\t<\/div>\n\t\t\t\t<\/div>\n\t\t\t\t\t<\/div>\n\t\t\t\t<\/div>\n\t\t<div class=\"elementor-element elementor-element-9a092a4 e-flex e-con-boxed e-con e-parent\" data-id=\"9a092a4\" data-element_type=\"container\">\n\t\t\t\t\t<div class=\"e-con-inner\">\n\t\t<div class=\"elementor-element elementor-element-9df156f e-con-full e-flex e-con e-child\" data-id=\"9df156f\" data-element_type=\"container\" data-settings=\"{&quot;background_background&quot;:&quot;classic&quot;}\">\n\t\t\t\t<div class=\"elementor-element elementor-element-7d60921 elementor-widget elementor-widget-heading\" data-id=\"7d60921\" data-element_type=\"widget\" data-widget_type=\"heading.default\">\n\t\t\t\t\t<h2 class=\"elementor-heading-title elementor-size-default\">NOS SERVICES<\/h2>\t\t\t\t<\/div>\n\t\t\t\t<\/div>\n\t\t<div class=\"elementor-element elementor-element-7d31971 e-con-full e-flex e-con e-child\" data-id=\"7d31971\" data-element_type=\"container\">\n\t\t<div class=\"elementor-element elementor-element-b0fd4e8 e-con-full animated-slow e-flex elementor-invisible e-con e-child\" data-id=\"b0fd4e8\" data-element_type=\"container\" data-settings=\"{&quot;background_background&quot;:&quot;classic&quot;,&quot;animation&quot;:&quot;slideInUp&quot;,&quot;animation_delay&quot;:400}\">\n\t\t\t\t<div class=\"elementor-element elementor-element-b42e8a9 elementor-widget elementor-widget-image\" data-id=\"b42e8a9\" data-element_type=\"widget\" data-widget_type=\"image.default\">\n\t\t\t\t\t\t\t\t\t\t\t\t\t\t\t<img fetchpriority=\"high\" decoding=\"async\" width=\"800\" height=\"606\" src=\"https:\/\/verderesiliente.com\/wp-content\/uploads\/2025\/09\/Tala-y-poda-1-1024x776.jpg\" class=\"attachment-large size-large wp-image-616\" alt=\"\" srcset=\"https:\/\/verderesiliente.com\/wp-content\/uploads\/2025\/09\/Tala-y-poda-1-1024x776.jpg 1024w, https:\/\/verderesiliente.com\/wp-content\/uploads\/2025\/09\/Tala-y-poda-1-300x227.jpg 300w, https:\/\/verderesiliente.com\/wp-content\/uploads\/2025\/09\/Tala-y-poda-1-768x582.jpg 768w, https:\/\/verderesiliente.com\/wp-content\/uploads\/2025\/09\/Tala-y-poda-1.jpg 1204w\" sizes=\"(max-width: 800px) 100vw, 800px\" \/>\t\t\t\t\t\t\t\t\t\t\t\t\t\t\t<\/div>\n\t\t\t\t<div class=\"elementor-element elementor-element-8e1a64d elementor-widget elementor-widget-heading\" data-id=\"8e1a64d\" data-element_type=\"widget\" data-widget_type=\"heading.default\">\n\t\t\t\t\t<h3 class=\"elementor-heading-title elementor-size-default\">Abattage et \u00e9lagage<\/h3>\t\t\t\t<\/div>\n\t\t\t\t<div class=\"elementor-element elementor-element-48e043b elementor-widget elementor-widget-text-editor\" data-id=\"48e043b\" data-element_type=\"widget\" data-widget_type=\"text-editor.default\">\n\t\t\t\t\t\t\t\t\t<p style=\"text-align: center;\">Nous effectuons des \u00e9lagages et des abattages s\u00fbrs et responsables.<\/p>\t\t\t\t\t\t\t\t<\/div>\n\t\t\t\t<\/div>\n\t\t<div class=\"elementor-element elementor-element-7725e57 e-con-full animated-slow e-flex elementor-invisible e-con e-child\" data-id=\"7725e57\" data-element_type=\"container\" data-settings=\"{&quot;background_background&quot;:&quot;classic&quot;,&quot;animation&quot;:&quot;slideInUp&quot;,&quot;animation_delay&quot;:600}\">\n\t\t\t\t<div class=\"elementor-element elementor-element-9ad9f47 elementor-widget elementor-widget-image\" data-id=\"9ad9f47\" data-element_type=\"widget\" data-widget_type=\"image.default\">\n\t\t\t\t\t\t\t\t\t\t\t\t\t\t\t<img decoding=\"async\" src=\"https:\/\/verderesiliente.com\/wp-content\/uploads\/elementor\/thumbs\/Plantacion-scaled-rcws697ci10vd00xjqzxskcothmmibwuckr03iowio.webp\" title=\"Plantacion\" alt=\"Plantacion\" loading=\"lazy\" \/>\t\t\t\t\t\t\t\t\t\t\t\t\t\t\t<\/div>\n\t\t\t\t<div class=\"elementor-element elementor-element-2a4b0a2 elementor-widget elementor-widget-heading\" data-id=\"2a4b0a2\" data-element_type=\"widget\" data-widget_type=\"heading.default\">\n\t\t\t\t\t<h3 class=\"elementor-heading-title elementor-size-default\">Plantation<\/h3>\t\t\t\t<\/div>\n\t\t\t\t<div class=\"elementor-element elementor-element-1009a93 elementor-widget elementor-widget-text-editor\" data-id=\"1009a93\" data-element_type=\"widget\" data-widget_type=\"text-editor.default\">\n\t\t\t\t\t\t\t\t\t<p style=\"text-align: center;\">Nous garantissons des plantations saines et durables gr\u00e2ce \u00e0 des techniques professionnelles.<\/p>\t\t\t\t\t\t\t\t<\/div>\n\t\t\t\t<\/div>\n\t\t<div class=\"elementor-element elementor-element-ac3230d e-con-full animated-slow e-flex elementor-invisible e-con e-child\" data-id=\"ac3230d\" data-element_type=\"container\" data-settings=\"{&quot;background_background&quot;:&quot;classic&quot;,&quot;animation&quot;:&quot;slideInUp&quot;,&quot;animation_delay&quot;:800}\">\n\t\t\t\t<div class=\"elementor-element elementor-element-11a64d9 elementor-widget elementor-widget-image\" data-id=\"11a64d9\" data-element_type=\"widget\" data-widget_type=\"image.default\">\n\t\t\t\t\t\t\t\t\t\t\t\t\t\t\t<img decoding=\"async\" width=\"768\" height=\"582\" src=\"https:\/\/verderesiliente.com\/wp-content\/uploads\/2025\/09\/Mesa-de-trabajo-5-768x582.jpg\" class=\"attachment-medium_large size-medium_large wp-image-614\" alt=\"\" srcset=\"https:\/\/verderesiliente.com\/wp-content\/uploads\/2025\/09\/Mesa-de-trabajo-5-768x582.jpg 768w, https:\/\/verderesiliente.com\/wp-content\/uploads\/2025\/09\/Mesa-de-trabajo-5-300x227.jpg 300w, https:\/\/verderesiliente.com\/wp-content\/uploads\/2025\/09\/Mesa-de-trabajo-5-1024x776.jpg 1024w, https:\/\/verderesiliente.com\/wp-content\/uploads\/2025\/09\/Mesa-de-trabajo-5.jpg 1204w\" sizes=\"(max-width: 768px) 100vw, 768px\" \/>\t\t\t\t\t\t\t\t\t\t\t\t\t\t\t<\/div>\n\t\t\t\t<div class=\"elementor-element elementor-element-00b7cf0 elementor-widget elementor-widget-heading\" data-id=\"00b7cf0\" data-element_type=\"widget\" data-widget_type=\"heading.default\">\n\t\t\t\t\t<h3 class=\"elementor-heading-title elementor-size-default\">D\u00e9broussaillage vertical<\/h3>\t\t\t\t<\/div>\n\t\t\t\t<div class=\"elementor-element elementor-element-a24e395 elementor-widget elementor-widget-text-editor\" data-id=\"a24e395\" data-element_type=\"widget\" data-widget_type=\"text-editor.default\">\n\t\t\t\t\t\t\t\t\t<p style=\"text-align: center;\">Nous \u00e9liminons la v\u00e9g\u00e9tation sur les talus et les murs difficiles d&rsquo;acc\u00e8s.<\/p>\t\t\t\t\t\t\t\t<\/div>\n\t\t\t\t<\/div>\n\t\t<div class=\"elementor-element elementor-element-f5d49c5 e-con-full animated-slow e-flex elementor-invisible e-con e-child\" data-id=\"f5d49c5\" data-element_type=\"container\" data-settings=\"{&quot;background_background&quot;:&quot;classic&quot;,&quot;animation&quot;:&quot;slideInUp&quot;,&quot;animation_delay&quot;:1000}\">\n\t\t\t\t<div class=\"elementor-element elementor-element-56de306 elementor-widget elementor-widget-image\" data-id=\"56de306\" data-element_type=\"widget\" data-widget_type=\"image.default\">\n\t\t\t\t\t\t\t\t\t\t\t\t\t\t\t<img decoding=\"async\" width=\"768\" height=\"582\" src=\"https:\/\/verderesiliente.com\/wp-content\/uploads\/2025\/09\/Mejoras-de-suelo-1-768x582.jpg\" class=\"attachment-medium_large size-medium_large wp-image-613\" alt=\"\" srcset=\"https:\/\/verderesiliente.com\/wp-content\/uploads\/2025\/09\/Mejoras-de-suelo-1-768x582.jpg 768w, https:\/\/verderesiliente.com\/wp-content\/uploads\/2025\/09\/Mejoras-de-suelo-1-300x227.jpg 300w, https:\/\/verderesiliente.com\/wp-content\/uploads\/2025\/09\/Mejoras-de-suelo-1-1024x776.jpg 1024w, https:\/\/verderesiliente.com\/wp-content\/uploads\/2025\/09\/Mejoras-de-suelo-1.jpg 1204w\" sizes=\"(max-width: 768px) 100vw, 768px\" \/>\t\t\t\t\t\t\t\t\t\t\t\t\t\t\t<\/div>\n\t\t\t\t<div class=\"elementor-element elementor-element-0aaf6d4 elementor-widget elementor-widget-heading\" data-id=\"0aaf6d4\" data-element_type=\"widget\" data-widget_type=\"heading.default\">\n\t\t\t\t\t<h3 class=\"elementor-heading-title elementor-size-default\">Am\u00e9lioration des sols<\/h3>\t\t\t\t<\/div>\n\t\t\t\t<div class=\"elementor-element elementor-element-f8a1dc8 elementor-widget elementor-widget-text-editor\" data-id=\"f8a1dc8\" data-element_type=\"widget\" data-widget_type=\"text-editor.default\">\n\t\t\t\t\t\t\t\t\t<p style=\"text-align: center;\">Nous optimisons le sol pour favoriser la croissance racinaire.<\/p>\t\t\t\t\t\t\t\t<\/div>\n\t\t\t\t<\/div>\n\t\t\t\t<\/div>\n\t\t<div class=\"elementor-element elementor-element-c40508a e-con-full e-flex e-con e-child\" data-id=\"c40508a\" data-element_type=\"container\">\n\t\t\t\t<div class=\"elementor-element elementor-element-22f6555 elementor-align-center elementor-widget elementor-widget-button\" data-id=\"22f6555\" data-element_type=\"widget\" data-widget_type=\"button.default\">\n\t\t\t\t\t\t\t\t\t\t<a class=\"elementor-button elementor-button-link elementor-size-sm\" href=\"https:\/\/verderesiliente.com\/fr\/services\/\">\n\t\t\t\t\t\t<span class=\"elementor-button-content-wrapper\">\n\t\t\t\t\t\t\t\t\t<span class=\"elementor-button-text\">TOUS LES SERVICES<\/span>\n\t\t\t\t\t<\/span>\n\t\t\t\t\t<\/a>\n\t\t\t\t\t\t\t\t<\/div>\n\t\t\t\t<\/div>\n\t\t\t\t\t<\/div>\n\t\t\t\t<\/div>\n\t\t<div class=\"elementor-element elementor-element-0670dbe e-con-full e-flex e-con e-parent\" data-id=\"0670dbe\" data-element_type=\"container\">\n\t\t<div class=\"elementor-element elementor-element-8e7a108 e-con-full e-flex elementor-invisible e-con e-child\" data-id=\"8e7a108\" data-element_type=\"container\" data-settings=\"{&quot;animation&quot;:&quot;slideInLeft&quot;}\">\n\t\t\t\t<\/div>\n\t\t<div class=\"elementor-element elementor-element-fe7954e e-con-full e-flex e-con e-child\" data-id=\"fe7954e\" data-element_type=\"container\">\n\t\t<div class=\"elementor-element elementor-element-3f6485f e-con-full e-flex elementor-invisible e-con e-child\" data-id=\"3f6485f\" data-element_type=\"container\" data-settings=\"{&quot;animation&quot;:&quot;slideInRight&quot;}\">\n\t\t\t\t<div class=\"elementor-element elementor-element-357650f elementor-widget elementor-widget-heading\" data-id=\"357650f\" data-element_type=\"widget\" data-widget_type=\"heading.default\">\n\t\t\t\t\t<h2 class=\"elementor-heading-title elementor-size-default\">\u00c0 PROPOS DE NOUS<\/h2>\t\t\t\t<\/div>\n\t\t\t\t<div class=\"elementor-element elementor-element-fefdb90 elementor-widget elementor-widget-text-editor\" data-id=\"fefdb90\" data-element_type=\"widget\" data-widget_type=\"text-editor.default\">\n\t\t\t\t\t\t\t\t\t<p>Nous sommes une entreprise sp\u00e9cialis\u00e9e dans l&rsquo;arboriculture qui se consacre \u00e0 la gestion des arbres publics et priv\u00e9s, en accordant toujours la priorit\u00e9 \u00e0 la sant\u00e9 des arbres et au respect de l&rsquo;environnement. <\/p>\t\t\t\t\t\t\t\t<\/div>\n\t\t\t\t<div class=\"elementor-element elementor-element-6428599 elementor-align-left elementor-widget elementor-widget-button\" data-id=\"6428599\" data-element_type=\"widget\" data-widget_type=\"button.default\">\n\t\t\t\t\t\t\t\t\t\t<a class=\"elementor-button elementor-button-link elementor-size-sm\" href=\"https:\/\/verderesiliente.com\/fr\/nous\/\">\n\t\t\t\t\t\t<span class=\"elementor-button-content-wrapper\">\n\t\t\t\t\t\t\t\t\t<span class=\"elementor-button-text\">\u00c0 PROPOS DE NOUS<\/span>\n\t\t\t\t\t<\/span>\n\t\t\t\t\t<\/a>\n\t\t\t\t\t\t\t\t<\/div>\n\t\t\t\t<\/div>\n\t\t\t\t<\/div>\n\t\t\t\t<\/div>\n\t\t\t\t<\/div>\n\t\t","protected":false},"excerpt":{"rendered":"<p>DEMANDEZ VOTRE DEVIS SERVICES D&rsquo;ARBORICULTURE \u00c0 G\u00c9RONE VERDE RESILIENTE NOS SERVICES Abattage et \u00e9lagage Nous effectuons des \u00e9lagages et des abattages s\u00fbrs et responsables. Plantation Nous garantissons des plantations saines et durables gr\u00e2ce \u00e0 des techniques professionnelles. D\u00e9broussaillage vertical Nous \u00e9liminons la v\u00e9g\u00e9tation sur les talus et les murs difficiles d&rsquo;acc\u00e8s. Am\u00e9lioration des sols Nous [&hellip;]<\/p>\n","protected":false},"author":1,"featured_media":0,"parent":0,"menu_order":0,"comment_status":"closed","ping_status":"closed","template":"","meta":{"_joinchat":[],"footnotes":""},"class_list":["post-594","page","type-page","status-publish","hentry"],"yoast_head":"<!-- This site is optimized with the Yoast SEO plugin v26.1.1 - https:\/\/yoast.com\/wordpress\/plugins\/seo\/ -->\n<title>Verde Resiliente - SERVICES D&#039;ARBORICULTURE \u00c0 G\u00c9RONE<\/title>\n<meta name=\"description\" content=\"Verde Resiliente propose des services professionnels d&#039;arboriculture \u00e0 G\u00e9rone : \u00e9lagage, abattage et entretien s\u00e9curis\u00e9 des arbres. Demandez votre devis gratuit d\u00e8s aujourd&#039;hui.\" \/>\n<meta name=\"robots\" content=\"index, follow, max-snippet:-1, max-image-preview:large, max-video-preview:-1\" \/>\n<link rel=\"canonical\" href=\"https:\/\/verderesiliente.com\/fr\/home\/\" \/>\n<meta property=\"og:locale\" content=\"fr_FR\" \/>\n<meta property=\"og:type\" content=\"article\" \/>\n<meta property=\"og:title\" content=\"Verde Resiliente - SERVICES D&#039;ARBORICULTURE \u00c0 G\u00c9RONE\" \/>\n<meta property=\"og:description\" content=\"Verde Resiliente propose des services professionnels d&#039;arboriculture \u00e0 G\u00e9rone : \u00e9lagage, abattage et entretien s\u00e9curis\u00e9 des arbres. Demandez votre devis gratuit d\u00e8s aujourd&#039;hui.\" \/>\n<meta property=\"og:url\" content=\"https:\/\/verderesiliente.com\/fr\/home\/\" \/>\n<meta property=\"og:site_name\" content=\"Verde Resiliente\" \/>\n<meta property=\"article:modified_time\" content=\"2025-10-22T07:43:02+00:00\" \/>\n<meta property=\"og:image\" content=\"https:\/\/verderesiliente.com\/wp-content\/uploads\/2025\/09\/Tala-y-poda-1.jpg\" \/>\n\t<meta property=\"og:image:width\" content=\"1204\" \/>\n\t<meta property=\"og:image:height\" content=\"912\" \/>\n\t<meta property=\"og:image:type\" content=\"image\/jpeg\" \/>\n<meta name=\"twitter:card\" content=\"summary_large_image\" \/>\n<meta name=\"twitter:label1\" content=\"Dur\u00e9e de lecture estim\u00e9e\" \/>\n\t<meta name=\"twitter:data1\" content=\"1 minute\" \/>\n<script type=\"application\/ld+json\" class=\"yoast-schema-graph\">{\"@context\":\"https:\/\/schema.org\",\"@graph\":[{\"@type\":\"WebPage\",\"@id\":\"https:\/\/verderesiliente.com\/fr\/home\/\",\"url\":\"https:\/\/verderesiliente.com\/fr\/home\/\",\"name\":\"Verde Resiliente - SERVICES D'ARBORICULTURE \u00c0 G\u00c9RONE\",\"isPartOf\":{\"@id\":\"https:\/\/verderesiliente.com\/#website\"},\"primaryImageOfPage\":{\"@id\":\"https:\/\/verderesiliente.com\/fr\/home\/#primaryimage\"},\"image\":{\"@id\":\"https:\/\/verderesiliente.com\/fr\/home\/#primaryimage\"},\"thumbnailUrl\":\"https:\/\/verderesiliente.com\/wp-content\/uploads\/2025\/09\/Tala-y-poda-1-1024x776.jpg\",\"datePublished\":\"2025-09-30T10:38:58+00:00\",\"dateModified\":\"2025-10-22T07:43:02+00:00\",\"description\":\"Verde Resiliente propose des services professionnels d'arboriculture \u00e0 G\u00e9rone : \u00e9lagage, abattage et entretien s\u00e9curis\u00e9 des arbres. Demandez votre devis gratuit d\u00e8s aujourd'hui.\",\"breadcrumb\":{\"@id\":\"https:\/\/verderesiliente.com\/fr\/home\/#breadcrumb\"},\"inLanguage\":\"fr-FR\",\"potentialAction\":[{\"@type\":\"ReadAction\",\"target\":[\"https:\/\/verderesiliente.com\/fr\/home\/\"]}]},{\"@type\":\"ImageObject\",\"inLanguage\":\"fr-FR\",\"@id\":\"https:\/\/verderesiliente.com\/fr\/home\/#primaryimage\",\"url\":\"https:\/\/verderesiliente.com\/wp-content\/uploads\/2025\/09\/Tala-y-poda-1-1024x776.jpg\",\"contentUrl\":\"https:\/\/verderesiliente.com\/wp-content\/uploads\/2025\/09\/Tala-y-poda-1-1024x776.jpg\"},{\"@type\":\"BreadcrumbList\",\"@id\":\"https:\/\/verderesiliente.com\/fr\/home\/#breadcrumb\",\"itemListElement\":[{\"@type\":\"ListItem\",\"position\":1,\"name\":\"Portada\",\"item\":\"https:\/\/verderesiliente.com\/fr\/home\/\"},{\"@type\":\"ListItem\",\"position\":2,\"name\":\"Home\"}]},{\"@type\":\"WebSite\",\"@id\":\"https:\/\/verderesiliente.com\/#website\",\"url\":\"https:\/\/verderesiliente.com\/\",\"name\":\"Verde Resiliente\",\"description\":\"Services d'arboriculture\",\"publisher\":{\"@id\":\"https:\/\/verderesiliente.com\/#organization\"},\"potentialAction\":[{\"@type\":\"SearchAction\",\"target\":{\"@type\":\"EntryPoint\",\"urlTemplate\":\"https:\/\/verderesiliente.com\/?s={search_term_string}\"},\"query-input\":{\"@type\":\"PropertyValueSpecification\",\"valueRequired\":true,\"valueName\":\"search_term_string\"}}],\"inLanguage\":\"fr-FR\"},{\"@type\":\"Organization\",\"@id\":\"https:\/\/verderesiliente.com\/#organization\",\"name\":\"Verde Resiliente\",\"url\":\"https:\/\/verderesiliente.com\/\",\"logo\":{\"@type\":\"ImageObject\",\"inLanguage\":\"fr-FR\",\"@id\":\"https:\/\/verderesiliente.com\/#\/schema\/logo\/image\/\",\"url\":\"https:\/\/verderesiliente.com\/wp-content\/uploads\/2025\/09\/cropped-Logo.webp\",\"contentUrl\":\"https:\/\/verderesiliente.com\/wp-content\/uploads\/2025\/09\/cropped-Logo.webp\",\"width\":1121,\"height\":448,\"caption\":\"Verde Resiliente\"},\"image\":{\"@id\":\"https:\/\/verderesiliente.com\/#\/schema\/logo\/image\/\"}}]}<\/script>\n<!-- \/ Yoast SEO plugin. -->","yoast_head_json":{"title":"Verde Resiliente - SERVICES D'ARBORICULTURE \u00c0 G\u00c9RONE","description":"Verde Resiliente propose des services professionnels d'arboriculture \u00e0 G\u00e9rone : \u00e9lagage, abattage et entretien s\u00e9curis\u00e9 des arbres. Demandez votre devis gratuit d\u00e8s aujourd'hui.","robots":{"index":"index","follow":"follow","max-snippet":"max-snippet:-1","max-image-preview":"max-image-preview:large","max-video-preview":"max-video-preview:-1"},"canonical":"https:\/\/verderesiliente.com\/fr\/home\/","og_locale":"fr_FR","og_type":"article","og_title":"Verde Resiliente - SERVICES D'ARBORICULTURE \u00c0 G\u00c9RONE","og_description":"Verde Resiliente propose des services professionnels d'arboriculture \u00e0 G\u00e9rone : \u00e9lagage, abattage et entretien s\u00e9curis\u00e9 des arbres. Demandez votre devis gratuit d\u00e8s aujourd'hui.","og_url":"https:\/\/verderesiliente.com\/fr\/home\/","og_site_name":"Verde Resiliente","article_modified_time":"2025-10-22T07:43:02+00:00","og_image":[{"width":1204,"height":912,"url":"https:\/\/verderesiliente.com\/wp-content\/uploads\/2025\/09\/Tala-y-poda-1.jpg","type":"image\/jpeg"}],"twitter_card":"summary_large_image","twitter_misc":{"Dur\u00e9e de lecture estim\u00e9e":"1 minute"},"schema":{"@context":"https:\/\/schema.org","@graph":[{"@type":"WebPage","@id":"https:\/\/verderesiliente.com\/fr\/home\/","url":"https:\/\/verderesiliente.com\/fr\/home\/","name":"Verde Resiliente - SERVICES D'ARBORICULTURE \u00c0 G\u00c9RONE","isPartOf":{"@id":"https:\/\/verderesiliente.com\/#website"},"primaryImageOfPage":{"@id":"https:\/\/verderesiliente.com\/fr\/home\/#primaryimage"},"image":{"@id":"https:\/\/verderesiliente.com\/fr\/home\/#primaryimage"},"thumbnailUrl":"https:\/\/verderesiliente.com\/wp-content\/uploads\/2025\/09\/Tala-y-poda-1-1024x776.jpg","datePublished":"2025-09-30T10:38:58+00:00","dateModified":"2025-10-22T07:43:02+00:00","description":"Verde Resiliente propose des services professionnels d'arboriculture \u00e0 G\u00e9rone : \u00e9lagage, abattage et entretien s\u00e9curis\u00e9 des arbres. Demandez votre devis gratuit d\u00e8s aujourd'hui.","breadcrumb":{"@id":"https:\/\/verderesiliente.com\/fr\/home\/#breadcrumb"},"inLanguage":"fr-FR","potentialAction":[{"@type":"ReadAction","target":["https:\/\/verderesiliente.com\/fr\/home\/"]}]},{"@type":"ImageObject","inLanguage":"fr-FR","@id":"https:\/\/verderesiliente.com\/fr\/home\/#primaryimage","url":"https:\/\/verderesiliente.com\/wp-content\/uploads\/2025\/09\/Tala-y-poda-1-1024x776.jpg","contentUrl":"https:\/\/verderesiliente.com\/wp-content\/uploads\/2025\/09\/Tala-y-poda-1-1024x776.jpg"},{"@type":"BreadcrumbList","@id":"https:\/\/verderesiliente.com\/fr\/home\/#breadcrumb","itemListElement":[{"@type":"ListItem","position":1,"name":"Portada","item":"https:\/\/verderesiliente.com\/fr\/home\/"},{"@type":"ListItem","position":2,"name":"Home"}]},{"@type":"WebSite","@id":"https:\/\/verderesiliente.com\/#website","url":"https:\/\/verderesiliente.com\/","name":"Verde Resiliente","description":"Services d'arboriculture","publisher":{"@id":"https:\/\/verderesiliente.com\/#organization"},"potentialAction":[{"@type":"SearchAction","target":{"@type":"EntryPoint","urlTemplate":"https:\/\/verderesiliente.com\/?s={search_term_string}"},"query-input":{"@type":"PropertyValueSpecification","valueRequired":true,"valueName":"search_term_string"}}],"inLanguage":"fr-FR"},{"@type":"Organization","@id":"https:\/\/verderesiliente.com\/#organization","name":"Verde Resiliente","url":"https:\/\/verderesiliente.com\/","logo":{"@type":"ImageObject","inLanguage":"fr-FR","@id":"https:\/\/verderesiliente.com\/#\/schema\/logo\/image\/","url":"https:\/\/verderesiliente.com\/wp-content\/uploads\/2025\/09\/cropped-Logo.webp","contentUrl":"https:\/\/verderesiliente.com\/wp-content\/uploads\/2025\/09\/cropped-Logo.webp","width":1121,"height":448,"caption":"Verde Resiliente"},"image":{"@id":"https:\/\/verderesiliente.com\/#\/schema\/logo\/image\/"}}]}},"_links":{"self":[{"href":"https:\/\/verderesiliente.com\/fr\/wp-json\/wp\/v2\/pages\/594","targetHints":{"allow":["GET"]}}],"collection":[{"href":"https:\/\/verderesiliente.com\/fr\/wp-json\/wp\/v2\/pages"}],"about":[{"href":"https:\/\/verderesiliente.com\/fr\/wp-json\/wp\/v2\/types\/page"}],"author":[{"embeddable":true,"href":"https:\/\/verderesiliente.com\/fr\/wp-json\/wp\/v2\/users\/1"}],"replies":[{"embeddable":true,"href":"https:\/\/verderesiliente.com\/fr\/wp-json\/wp\/v2\/comments?post=594"}],"version-history":[{"count":12,"href":"https:\/\/verderesiliente.com\/fr\/wp-json\/wp\/v2\/pages\/594\/revisions"}],"predecessor-version":[{"id":860,"href":"https:\/\/verderesiliente.com\/fr\/wp-json\/wp\/v2\/pages\/594\/revisions\/860"}],"wp:attachment":[{"href":"https:\/\/verderesiliente.com\/fr\/wp-json\/wp\/v2\/media?parent=594"}],"curies":[{"name":"wp","href":"https:\/\/api.w.org\/{rel}","templated":true}]}}